{"id":1386,"date":"2024-07-09T13:17:24","date_gmt":"2024-07-09T18:17:24","guid":{"rendered":"https:\/\/cihologramas.com\/quienes-somos-2\/"},"modified":"2025-02-06T15:11:20","modified_gmt":"2025-02-06T20:11:20","slug":"quienes-somos-3","status":"publish","type":"page","link":"https:\/\/www.cihologramas.com\/en\/quienes-somos-3\/","title":{"rendered":"Who We Are"},"content":{"rendered":"\n[et_pb_section fb_built=&#8221;1&#8243; _builder_version=&#8221;4.26.0&#8243; _module_preset=&#8221;default&#8221; background_color=&#8221;#FFFFFF&#8221; global_colors_info=&#8221;{}&#8221; custom_padding=&#8221;||89px|||&#8221;][et_pb_row _builder_version=&#8221;4.26.0&#8243; _module_preset=&#8221;default&#8221; custom_padding=&#8221;|2px||||&#8221; global_colors_info=&#8221;{}&#8221;][et_pb_column type=&#8221;4_4&#8243; _builder_version=&#8221;4.26.0&#8243; _module_preset=&#8221;default&#8221; global_colors_info=&#8221;{}&#8221;][et_pb_blurb content_max_width=&#8221;1300px&#8221; _builder_version=&#8221;4.27.4&#8243; _module_preset=&#8221;default&#8221; header_level=&#8221;h1&#8243; header_font=&#8221;ABeeZee|700|||||||&#8221; header_text_align=&#8221;center&#8221; header_text_color=&#8221;#000000&#8243; body_text_color=&#8221;#000000&#8243; body_font_size=&#8221;17px&#8221; text_orientation=&#8221;justified&#8221; background_layout=&#8221;dark&#8221; min_height=&#8221;529.6px&#8221; custom_margin=&#8221;58px||||false|false&#8221; custom_padding=&#8221;100px||0px|||&#8221; hover_enabled=&#8221;0&#8243; global_colors_info=&#8221;{}&#8221; sticky_enabled=&#8221;0&#8243; animation_style=&#8221;fade&#8221;]<p data-pm-slice=\"1 1 []\" style=\"text-align: center; font-size: 32px;\"><span><strong>A Journey of Excellence and Innovation<\/strong><\/span><\/p>\n<p data-pm-slice=\"1 1 []\"><span><strong><\/strong><\/span><\/p>\n<p data-pm-slice=\"1 1 []\"><span><strong>Combusti\u00f3n Ingenieros S.A.S. (CIHOLOGRAMAS)<\/strong><\/span><\/p>\n<span>Combusti\u00f3n Ingenieros S.A.S. is a Colombian company founded in 1983, initially dedicated to project engineering. In 1998, the company expanded its horizons by starting hologram production, marking the beginning of a new era in the fight against product and document counterfeiting. Since then, Combusti\u00f3n Ingenieros has developed machinery and equipment for the manufacturing of holographic masters, establishing itself as a pioneer in holographic origination in Latin America and positioning its registered trademark CIHOLOGRAMAS.<\/span>\n\n<span>The company has remained consistent in its philosophy of continuous improvement, which has allowed it to consolidate not only as a manufacturer of high-quality holograms but also as a developer of advanced holographic origination systems used by various holographic material producers worldwide. Combusti\u00f3n Ingenieros has a research team composed of professionals in physics and engineering, dedicated to addressing the challenges of the security holography market and positioning its products at the forefront of technology.<\/span>\n\n<span>As a member of the IHMA (International Hologram Manufacturers Association), Combusti\u00f3n Ingenieros adheres to high standards of professional ethics, corporate responsibility, and customer service. Its commitment to innovation and technological development forms the foundation of its progress and leadership in the field of applied optics.<\/span>\n\n<span><strong>Colombian Imaging Technologies S.A.S. (CITECH)<\/strong><\/span>\n\n<span>To strengthen our international presence, Colombian Imaging Technologies S.A.S. was established in 2019 in the Bogot\u00e1 Free Trade Zone. This sister company of Combusti\u00f3n Ingenieros is dedicated to the international market, focusing on the manufacturing and commercialization of holographic origination equipment and the sale of security labels outside Colombia, along with other businesses involving the international market.<\/span>\n\n<span>Combusti\u00f3n Ingenieros and Colombian Imaging Technologies are sister companies working together to offer high-tech solutions in both the Colombian and international markets. With a constant focus on innovation and technological development, both companies are committed to providing effective solutions to their clients&#8217; needs.<\/span>[\/et_pb_blurb][\/et_pb_column][\/et_pb_row][\/et_pb_section]\n","protected":false},"excerpt":{"rendered":"<p>A Journey of Excellence and Innovation Combusti\u00f3n Ingenieros S.A.S. (CIHOLOGRAMAS) Combusti\u00f3n Ingenieros S.A.S. is a Colombian company founded in 1983, initially dedicated to project engineering. In 1998, the company expanded its horizons by starting hologram production, marking the beginning of a new era in the fight against product and document counterfeiting. Since then, Combusti\u00f3n Ingenieros [&hellip;]<\/p>\n","protected":false},"author":1,"featured_media":0,"parent":0,"menu_order":0,"comment_status":"closed","ping_status":"closed","template":"","meta":{"_et_pb_use_builder":"on","_et_pb_old_content":"","_et_gb_content_width":"","footnotes":""},"class_list":["post-1386","page","type-page","status-publish","hentry"],"yoast_head":"<!-- This site is optimized with the Yoast SEO plugin v27.4 - https:\/\/yoast.com\/product\/yoast-seo-wordpress\/ -->\n<title>Who We Are - CI Hologramas | Hologramas de Seguridad y Soluciones \u00d3pticas Avanzadas Who We Are \u2013 CI Hologramas | Hologramas de Seguridad y Soluciones \u00d3pticas Avanzadas<\/title>\n<meta name=\"description\" content=\"Explora Who We Are de CI Hologramas | Hologramas de Seguridad y Soluciones \u00d3pticas Avanzadas, l\u00edder en hologramas de seguridad, etiquetas \u00f3pticas y tecnolog\u00eda avanzada para protecci\u00f3n y autenticaci\u00f3n de productos.\" \/>\n<meta name=\"robots\" content=\"index, follow, max-snippet:-1, max-image-preview:large, max-video-preview:-1\" \/>\n<link rel=\"canonical\" href=\"https:\/\/www.cihologramas.com\/en\/quienes-somos-3\/\" \/>\n<meta property=\"og:locale\" content=\"en_US\" \/>\n<meta property=\"og:type\" content=\"article\" \/>\n<meta property=\"og:title\" content=\"Who We Are - CI Hologramas | Hologramas de Seguridad y Soluciones \u00d3pticas Avanzadas Who We Are \u2013 CI Hologramas | Hologramas de Seguridad y Soluciones \u00d3pticas Avanzadas\" \/>\n<meta property=\"og:description\" content=\"Explora Who We Are de CI Hologramas | Hologramas de Seguridad y Soluciones \u00d3pticas Avanzadas, l\u00edder en hologramas de seguridad, etiquetas \u00f3pticas y tecnolog\u00eda avanzada para protecci\u00f3n y autenticaci\u00f3n de productos.\" \/>\n<meta property=\"og:url\" content=\"https:\/\/www.cihologramas.com\/en\/quienes-somos-3\/\" \/>\n<meta property=\"og:site_name\" content=\"CI Hologramas | Hologramas de Seguridad y Soluciones \u00d3pticas Avanzadas\" \/>\n<meta property=\"article:publisher\" content=\"https:\/\/www.facebook.com\/Cihologramas\" \/>\n<meta property=\"article:modified_time\" content=\"2025-02-06T20:11:20+00:00\" \/>\n<meta property=\"og:image\" content=\"https:\/\/www.cihologramas.com\/wp-content\/uploads\/2025\/11\/Banner_Yoast_Seo.jpg\" \/>\n\t<meta property=\"og:image:width\" content=\"1200\" \/>\n\t<meta property=\"og:image:height\" content=\"675\" \/>\n\t<meta property=\"og:image:type\" content=\"image\/jpeg\" \/>\n<meta name=\"twitter:card\" content=\"summary_large_image\" \/>\n<meta name=\"twitter:site\" content=\"@cihologramas\" \/>\n<meta name=\"twitter:label1\" content=\"Est. reading time\" \/>\n\t<meta name=\"twitter:data1\" content=\"2 minutes\" \/>\n<script type=\"application\/ld+json\" class=\"yoast-schema-graph\">{\"@context\":\"https:\\\/\\\/schema.org\",\"@graph\":[{\"@type\":\"WebPage\",\"@id\":\"https:\\\/\\\/www.cihologramas.com\\\/en\\\/quienes-somos-3\\\/\",\"url\":\"https:\\\/\\\/www.cihologramas.com\\\/en\\\/quienes-somos-3\\\/\",\"name\":\"Who We Are - CI Hologramas | Hologramas de Seguridad y Soluciones \u00d3pticas Avanzadas Who We Are \u2013 CI Hologramas | Hologramas de Seguridad y Soluciones \u00d3pticas Avanzadas\",\"isPartOf\":{\"@id\":\"https:\\\/\\\/www.cihologramas.com\\\/en\\\/#website\"},\"datePublished\":\"2024-07-09T18:17:24+00:00\",\"dateModified\":\"2025-02-06T20:11:20+00:00\",\"description\":\"Explora Who We Are de CI Hologramas | Hologramas de Seguridad y Soluciones \u00d3pticas Avanzadas, l\u00edder en hologramas de seguridad, etiquetas \u00f3pticas y tecnolog\u00eda avanzada para protecci\u00f3n y autenticaci\u00f3n de productos.\",\"breadcrumb\":{\"@id\":\"https:\\\/\\\/www.cihologramas.com\\\/en\\\/quienes-somos-3\\\/#breadcrumb\"},\"inLanguage\":\"en-US\",\"potentialAction\":[{\"@type\":\"ReadAction\",\"target\":[\"https:\\\/\\\/www.cihologramas.com\\\/en\\\/quienes-somos-3\\\/\"]}]},{\"@type\":\"BreadcrumbList\",\"@id\":\"https:\\\/\\\/www.cihologramas.com\\\/en\\\/quienes-somos-3\\\/#breadcrumb\",\"itemListElement\":[{\"@type\":\"ListItem\",\"position\":1,\"name\":\"Portada\",\"item\":\"https:\\\/\\\/www.cihologramas.com\\\/en\\\/\"},{\"@type\":\"ListItem\",\"position\":2,\"name\":\"Who We Are\"}]},{\"@type\":\"WebSite\",\"@id\":\"https:\\\/\\\/www.cihologramas.com\\\/en\\\/#website\",\"url\":\"https:\\\/\\\/www.cihologramas.com\\\/en\\\/\",\"name\":\"CI Hologramas | Hologramas de Seguridad y Soluciones \u00d3pticas Avanzadas\",\"description\":\"Fabricaci\u00f3n de hologramas de seguridad, etiquetas hologr\u00e1ficas y tecnolog\u00eda \u00f3ptica aplicada para autenticaci\u00f3n y protecci\u00f3n de productos.\",\"publisher\":{\"@id\":\"https:\\\/\\\/www.cihologramas.com\\\/en\\\/#organization\"},\"alternateName\":\"CI Hologramas\",\"potentialAction\":[{\"@type\":\"SearchAction\",\"target\":{\"@type\":\"EntryPoint\",\"urlTemplate\":\"https:\\\/\\\/www.cihologramas.com\\\/en\\\/?s={search_term_string}\"},\"query-input\":{\"@type\":\"PropertyValueSpecification\",\"valueRequired\":true,\"valueName\":\"search_term_string\"}}],\"inLanguage\":\"en-US\"},{\"@type\":\"Organization\",\"@id\":\"https:\\\/\\\/www.cihologramas.com\\\/en\\\/#organization\",\"name\":\"CI Hologramas | Hologramas de Seguridad y Soluciones \u00d3pticas Avanzadas\",\"alternateName\":\"CI Hologramas\",\"url\":\"https:\\\/\\\/www.cihologramas.com\\\/en\\\/\",\"logo\":{\"@type\":\"ImageObject\",\"inLanguage\":\"en-US\",\"@id\":\"https:\\\/\\\/www.cihologramas.com\\\/en\\\/#\\\/schema\\\/logo\\\/image\\\/\",\"url\":\"https:\\\/\\\/www.cihologramas.com\\\/wp-content\\\/uploads\\\/2025\\\/11\\\/ci-hologramas-logoV1.svg\",\"contentUrl\":\"https:\\\/\\\/www.cihologramas.com\\\/wp-content\\\/uploads\\\/2025\\\/11\\\/ci-hologramas-logoV1.svg\",\"width\":512,\"height\":512,\"caption\":\"CI Hologramas | Hologramas de Seguridad y Soluciones \u00d3pticas Avanzadas\"},\"image\":{\"@id\":\"https:\\\/\\\/www.cihologramas.com\\\/en\\\/#\\\/schema\\\/logo\\\/image\\\/\"},\"sameAs\":[\"https:\\\/\\\/www.facebook.com\\\/Cihologramas\",\"https:\\\/\\\/x.com\\\/cihologramas\",\"https:\\\/\\\/www.instagram.com\\\/cihologramas\\\/\",\"https:\\\/\\\/www.youtube.com\\\/@cihologramas_holo\"]}]}<\/script>\n<!-- \/ Yoast SEO plugin. -->","yoast_head_json":{"title":"Who We Are - CI Hologramas | Hologramas de Seguridad y Soluciones \u00d3pticas Avanzadas Who We Are \u2013 CI Hologramas | Hologramas de Seguridad y Soluciones \u00d3pticas Avanzadas","description":"Explora Who We Are de CI Hologramas | Hologramas de Seguridad y Soluciones \u00d3pticas Avanzadas, l\u00edder en hologramas de seguridad, etiquetas \u00f3pticas y tecnolog\u00eda avanzada para protecci\u00f3n y autenticaci\u00f3n de productos.","robots":{"index":"index","follow":"follow","max-snippet":"max-snippet:-1","max-image-preview":"max-image-preview:large","max-video-preview":"max-video-preview:-1"},"canonical":"https:\/\/www.cihologramas.com\/en\/quienes-somos-3\/","og_locale":"en_US","og_type":"article","og_title":"Who We Are - CI Hologramas | Hologramas de Seguridad y Soluciones \u00d3pticas Avanzadas Who We Are \u2013 CI Hologramas | Hologramas de Seguridad y Soluciones \u00d3pticas Avanzadas","og_description":"Explora Who We Are de CI Hologramas | Hologramas de Seguridad y Soluciones \u00d3pticas Avanzadas, l\u00edder en hologramas de seguridad, etiquetas \u00f3pticas y tecnolog\u00eda avanzada para protecci\u00f3n y autenticaci\u00f3n de productos.","og_url":"https:\/\/www.cihologramas.com\/en\/quienes-somos-3\/","og_site_name":"CI Hologramas | Hologramas de Seguridad y Soluciones \u00d3pticas Avanzadas","article_publisher":"https:\/\/www.facebook.com\/Cihologramas","article_modified_time":"2025-02-06T20:11:20+00:00","og_image":[{"width":1200,"height":675,"url":"https:\/\/www.cihologramas.com\/wp-content\/uploads\/2025\/11\/Banner_Yoast_Seo.jpg","type":"image\/jpeg"}],"twitter_card":"summary_large_image","twitter_site":"@cihologramas","twitter_misc":{"Est. reading time":"2 minutes"},"schema":{"@context":"https:\/\/schema.org","@graph":[{"@type":"WebPage","@id":"https:\/\/www.cihologramas.com\/en\/quienes-somos-3\/","url":"https:\/\/www.cihologramas.com\/en\/quienes-somos-3\/","name":"Who We Are - CI Hologramas | Hologramas de Seguridad y Soluciones \u00d3pticas Avanzadas Who We Are \u2013 CI Hologramas | Hologramas de Seguridad y Soluciones \u00d3pticas Avanzadas","isPartOf":{"@id":"https:\/\/www.cihologramas.com\/en\/#website"},"datePublished":"2024-07-09T18:17:24+00:00","dateModified":"2025-02-06T20:11:20+00:00","description":"Explora Who We Are de CI Hologramas | Hologramas de Seguridad y Soluciones \u00d3pticas Avanzadas, l\u00edder en hologramas de seguridad, etiquetas \u00f3pticas y tecnolog\u00eda avanzada para protecci\u00f3n y autenticaci\u00f3n de productos.","breadcrumb":{"@id":"https:\/\/www.cihologramas.com\/en\/quienes-somos-3\/#breadcrumb"},"inLanguage":"en-US","potentialAction":[{"@type":"ReadAction","target":["https:\/\/www.cihologramas.com\/en\/quienes-somos-3\/"]}]},{"@type":"BreadcrumbList","@id":"https:\/\/www.cihologramas.com\/en\/quienes-somos-3\/#breadcrumb","itemListElement":[{"@type":"ListItem","position":1,"name":"Portada","item":"https:\/\/www.cihologramas.com\/en\/"},{"@type":"ListItem","position":2,"name":"Who We Are"}]},{"@type":"WebSite","@id":"https:\/\/www.cihologramas.com\/en\/#website","url":"https:\/\/www.cihologramas.com\/en\/","name":"CI Hologramas | Hologramas de Seguridad y Soluciones \u00d3pticas Avanzadas","description":"Fabricaci\u00f3n de hologramas de seguridad, etiquetas hologr\u00e1ficas y tecnolog\u00eda \u00f3ptica aplicada para autenticaci\u00f3n y protecci\u00f3n de productos.","publisher":{"@id":"https:\/\/www.cihologramas.com\/en\/#organization"},"alternateName":"CI Hologramas","potentialAction":[{"@type":"SearchAction","target":{"@type":"EntryPoint","urlTemplate":"https:\/\/www.cihologramas.com\/en\/?s={search_term_string}"},"query-input":{"@type":"PropertyValueSpecification","valueRequired":true,"valueName":"search_term_string"}}],"inLanguage":"en-US"},{"@type":"Organization","@id":"https:\/\/www.cihologramas.com\/en\/#organization","name":"CI Hologramas | Hologramas de Seguridad y Soluciones \u00d3pticas Avanzadas","alternateName":"CI Hologramas","url":"https:\/\/www.cihologramas.com\/en\/","logo":{"@type":"ImageObject","inLanguage":"en-US","@id":"https:\/\/www.cihologramas.com\/en\/#\/schema\/logo\/image\/","url":"https:\/\/www.cihologramas.com\/wp-content\/uploads\/2025\/11\/ci-hologramas-logoV1.svg","contentUrl":"https:\/\/www.cihologramas.com\/wp-content\/uploads\/2025\/11\/ci-hologramas-logoV1.svg","width":512,"height":512,"caption":"CI Hologramas | Hologramas de Seguridad y Soluciones \u00d3pticas Avanzadas"},"image":{"@id":"https:\/\/www.cihologramas.com\/en\/#\/schema\/logo\/image\/"},"sameAs":["https:\/\/www.facebook.com\/Cihologramas","https:\/\/x.com\/cihologramas","https:\/\/www.instagram.com\/cihologramas\/","https:\/\/www.youtube.com\/@cihologramas_holo"]}]}},"_links":{"self":[{"href":"https:\/\/www.cihologramas.com\/en\/wp-json\/wp\/v2\/pages\/1386","targetHints":{"allow":["GET"]}}],"collection":[{"href":"https:\/\/www.cihologramas.com\/en\/wp-json\/wp\/v2\/pages"}],"about":[{"href":"https:\/\/www.cihologramas.com\/en\/wp-json\/wp\/v2\/types\/page"}],"author":[{"embeddable":true,"href":"https:\/\/www.cihologramas.com\/en\/wp-json\/wp\/v2\/users\/1"}],"replies":[{"embeddable":true,"href":"https:\/\/www.cihologramas.com\/en\/wp-json\/wp\/v2\/comments?post=1386"}],"version-history":[{"count":3,"href":"https:\/\/www.cihologramas.com\/en\/wp-json\/wp\/v2\/pages\/1386\/revisions"}],"predecessor-version":[{"id":6018,"href":"https:\/\/www.cihologramas.com\/en\/wp-json\/wp\/v2\/pages\/1386\/revisions\/6018"}],"wp:attachment":[{"href":"https:\/\/www.cihologramas.com\/en\/wp-json\/wp\/v2\/media?parent=1386"}],"curies":[{"name":"wp","href":"https:\/\/api.w.org\/{rel}","templated":true}]}}