{"id":1413,"date":"2024-07-09T15:24:38","date_gmt":"2024-07-09T20:24:38","guid":{"rendered":"https:\/\/cihologramas.com\/global-partners\/"},"modified":"2025-01-28T16:30:05","modified_gmt":"2025-01-28T21:30:05","slug":"global-partners","status":"publish","type":"page","link":"https:\/\/www.cihologramas.com\/en\/global-partners\/","title":{"rendered":"Global Partners"},"content":{"rendered":"<p>[et_pb_section fb_built=&#8221;1&#8243; _builder_version=&#8221;4.26.0&#8243; _module_preset=&#8221;default&#8221; background_color=&#8221;#FFFFFF&#8221; custom_padding=&#8221;0px|||||&#8221; global_colors_info=&#8221;{}&#8221;][et_pb_row _builder_version=&#8221;4.27.4&#8243; _module_preset=&#8221;default&#8221; custom_padding=&#8221;||3px|||&#8221; animation_style=&#8221;fade&#8221; global_colors_info=&#8221;{}&#8221;][et_pb_column type=&#8221;4_4&#8243; _builder_version=&#8221;4.26.0&#8243; _module_preset=&#8221;default&#8221; global_colors_info=&#8221;{}&#8221;][et_pb_blurb title=&#8221;Global Partners&#8221; content_max_width=&#8221;1100px&#8221; _builder_version=&#8221;4.27.0&#8243; _module_preset=&#8221;default&#8221; text_orientation=&#8221;justified&#8221; custom_padding=&#8221;61px||54px|||&#8221; global_colors_info=&#8221;{}&#8221;]<\/p>\n<p style=\"text-align: justify;\">At <strong>CITECH\/CIHOLOGRAMAS<\/strong>, we pride ourselves on collaborating with strategic partners worldwide. These partnerships enable us to offer innovative products and solutions, ensuring maximum quality and satisfaction for our customers. Currently, we have the support of a prominent global partner, and we are open to expanding our network of strategic partners.<\/p>\n<p style=\"text-align: justify;\">[\/et_pb_blurb][\/et_pb_column][\/et_pb_row][et_pb_row _builder_version=&#8221;4.27.4&#8243; _module_preset=&#8221;default&#8221; custom_padding=&#8221;4px|||||&#8221; animation_style=&#8221;fade&#8221; global_colors_info=&#8221;{}&#8221;][et_pb_column type=&#8221;4_4&#8243; _builder_version=&#8221;4.26.0&#8243; _module_preset=&#8221;default&#8221; global_colors_info=&#8221;{}&#8221;][et_pb_blurb title=&#8221;SHENZHEN MARS TECH CO., LTD.&#8221; image=&#8221;https:\/\/cihologramas.com\/wp-content\/uploads\/2024\/07\/LogoMars.png&#8221; content_max_width=&#8221;1100px&#8221; _builder_version=&#8221;4.27.0&#8243; _module_preset=&#8221;default&#8221; text_orientation=&#8221;justified&#8221; custom_margin=&#8221;30px||30px||false|false&#8221; global_colors_info=&#8221;{}&#8221;]<\/p>\n<p><strong>Address:<\/strong> Building B, 108-3, No. 78, Ai Nan Street, Li Hao Industrial Park, LongGang District, Shenzhen City, 518172, China.<br \/><strong>Phone:<\/strong> 0755-28282176<br \/><strong>Contact Name:<\/strong> Zhang Donghai<br \/><strong>E-mail:<\/strong> zdonghai@yahoo.com<\/p>\n<p>[\/et_pb_blurb][\/et_pb_column][\/et_pb_row][et_pb_row _builder_version=&#8221;4.27.4&#8243; _module_preset=&#8221;default&#8221; custom_padding=&#8221;0px|||||&#8221; animation_style=&#8221;fade&#8221; global_colors_info=&#8221;{}&#8221;][et_pb_column type=&#8221;4_4&#8243; _builder_version=&#8221;4.26.0&#8243; _module_preset=&#8221;default&#8221; global_colors_info=&#8221;{}&#8221;][et_pb_blurb content_max_width=&#8221;1100px&#8221; _builder_version=&#8221;4.26.1&#8243; _dynamic_attributes=&#8221;link_option_url&#8221; _module_preset=&#8221;default&#8221; text_orientation=&#8221;justified&#8221; custom_padding=&#8221;14px||66px|||&#8221; link_option_url=&#8221;@ET-DC@eyJkeW5hbWljIjp0cnVlLCJjb250ZW50IjoicG9zdF9saW5rX3VybF9wYWdlIiwic2V0dGluZ3MiOnsicG9zdF9pZCI6IjEzMSJ9fQ==@&#8221; global_colors_info=&#8221;{}&#8221;]<\/p>\n<p style=\"text-align: justify;\">As we continue to grow, we seek to establish new partnerships that allow us to stay at the forefront of technology and offer customized solutions that meet the specific needs of our customers worldwide. If you are interested in becoming a partner of CITECH\/CIHOLOGRAMAS, please contact us for more information.<\/p>\n<p>[\/et_pb_blurb][\/et_pb_column][\/et_pb_row][\/et_pb_section]<\/p>\n","protected":false},"excerpt":{"rendered":"<p>At CITECH\/CIHOLOGRAMAS, we pride ourselves on collaborating with strategic partners worldwide. These partnerships enable us to offer innovative products and solutions, ensuring maximum quality and satisfaction for our customers. Currently, we have the support of a prominent global partner, and we are open to expanding our network of strategic partners. Address: Building B, 108-3, No. [&hellip;]<\/p>\n","protected":false},"author":1,"featured_media":0,"parent":0,"menu_order":0,"comment_status":"closed","ping_status":"closed","template":"","meta":{"_et_pb_use_builder":"on","_et_pb_old_content":"","_et_gb_content_width":"","footnotes":""},"class_list":["post-1413","page","type-page","status-publish","hentry"],"yoast_head":"<!-- This site is optimized with the Yoast SEO plugin v27.4 - https:\/\/yoast.com\/product\/yoast-seo-wordpress\/ -->\n<title>Global Partners - CI Hologramas | Hologramas de Seguridad y Soluciones \u00d3pticas Avanzadas Global Partners \u2013 CI Hologramas | Hologramas de Seguridad y Soluciones \u00d3pticas Avanzadas<\/title>\n<meta name=\"description\" content=\"Explora Global Partners de CI Hologramas | Hologramas de Seguridad y Soluciones \u00d3pticas Avanzadas, l\u00edder en hologramas de seguridad, etiquetas \u00f3pticas y tecnolog\u00eda avanzada para protecci\u00f3n y autenticaci\u00f3n de productos.\" \/>\n<meta name=\"robots\" content=\"index, follow, max-snippet:-1, max-image-preview:large, max-video-preview:-1\" \/>\n<link rel=\"canonical\" href=\"https:\/\/www.cihologramas.com\/en\/global-partners\/\" \/>\n<meta property=\"og:locale\" content=\"en_US\" \/>\n<meta property=\"og:type\" content=\"article\" \/>\n<meta property=\"og:title\" content=\"Global Partners - CI Hologramas | Hologramas de Seguridad y Soluciones \u00d3pticas Avanzadas Global Partners \u2013 CI Hologramas | Hologramas de Seguridad y Soluciones \u00d3pticas Avanzadas\" \/>\n<meta property=\"og:description\" content=\"Explora Global Partners de CI Hologramas | Hologramas de Seguridad y Soluciones \u00d3pticas Avanzadas, l\u00edder en hologramas de seguridad, etiquetas \u00f3pticas y tecnolog\u00eda avanzada para protecci\u00f3n y autenticaci\u00f3n de productos.\" \/>\n<meta property=\"og:url\" content=\"https:\/\/www.cihologramas.com\/en\/global-partners\/\" \/>\n<meta property=\"og:site_name\" content=\"CI Hologramas | Hologramas de Seguridad y Soluciones \u00d3pticas Avanzadas\" \/>\n<meta property=\"article:publisher\" content=\"https:\/\/www.facebook.com\/Cihologramas\" \/>\n<meta property=\"article:modified_time\" content=\"2025-01-28T21:30:05+00:00\" \/>\n<meta property=\"og:image\" content=\"https:\/\/www.cihologramas.com\/wp-content\/uploads\/2025\/11\/Banner_Yoast_Seo.jpg\" \/>\n\t<meta property=\"og:image:width\" content=\"1200\" \/>\n\t<meta property=\"og:image:height\" content=\"675\" \/>\n\t<meta property=\"og:image:type\" content=\"image\/jpeg\" \/>\n<meta name=\"twitter:card\" content=\"summary_large_image\" \/>\n<meta name=\"twitter:site\" content=\"@cihologramas\" \/>\n<meta name=\"twitter:label1\" content=\"Est. reading time\" \/>\n\t<meta name=\"twitter:data1\" content=\"2 minutes\" \/>\n<script type=\"application\/ld+json\" class=\"yoast-schema-graph\">{\"@context\":\"https:\\\/\\\/schema.org\",\"@graph\":[{\"@type\":\"WebPage\",\"@id\":\"https:\\\/\\\/www.cihologramas.com\\\/en\\\/global-partners\\\/\",\"url\":\"https:\\\/\\\/www.cihologramas.com\\\/en\\\/global-partners\\\/\",\"name\":\"Global Partners - CI Hologramas | Hologramas de Seguridad y Soluciones \u00d3pticas Avanzadas Global Partners \u2013 CI Hologramas | Hologramas de Seguridad y Soluciones \u00d3pticas Avanzadas\",\"isPartOf\":{\"@id\":\"https:\\\/\\\/www.cihologramas.com\\\/en\\\/#website\"},\"datePublished\":\"2024-07-09T20:24:38+00:00\",\"dateModified\":\"2025-01-28T21:30:05+00:00\",\"description\":\"Explora Global Partners de CI Hologramas | Hologramas de Seguridad y Soluciones \u00d3pticas Avanzadas, l\u00edder en hologramas de seguridad, etiquetas \u00f3pticas y tecnolog\u00eda avanzada para protecci\u00f3n y autenticaci\u00f3n de productos.\",\"breadcrumb\":{\"@id\":\"https:\\\/\\\/www.cihologramas.com\\\/en\\\/global-partners\\\/#breadcrumb\"},\"inLanguage\":\"en-US\",\"potentialAction\":[{\"@type\":\"ReadAction\",\"target\":[\"https:\\\/\\\/www.cihologramas.com\\\/en\\\/global-partners\\\/\"]}]},{\"@type\":\"BreadcrumbList\",\"@id\":\"https:\\\/\\\/www.cihologramas.com\\\/en\\\/global-partners\\\/#breadcrumb\",\"itemListElement\":[{\"@type\":\"ListItem\",\"position\":1,\"name\":\"Portada\",\"item\":\"https:\\\/\\\/www.cihologramas.com\\\/en\\\/\"},{\"@type\":\"ListItem\",\"position\":2,\"name\":\"Global Partners\"}]},{\"@type\":\"WebSite\",\"@id\":\"https:\\\/\\\/www.cihologramas.com\\\/en\\\/#website\",\"url\":\"https:\\\/\\\/www.cihologramas.com\\\/en\\\/\",\"name\":\"CI Hologramas | Hologramas de Seguridad y Soluciones \u00d3pticas Avanzadas\",\"description\":\"Fabricaci\u00f3n de hologramas de seguridad, etiquetas hologr\u00e1ficas y tecnolog\u00eda \u00f3ptica aplicada para autenticaci\u00f3n y protecci\u00f3n de productos.\",\"publisher\":{\"@id\":\"https:\\\/\\\/www.cihologramas.com\\\/en\\\/#organization\"},\"alternateName\":\"CI Hologramas\",\"potentialAction\":[{\"@type\":\"SearchAction\",\"target\":{\"@type\":\"EntryPoint\",\"urlTemplate\":\"https:\\\/\\\/www.cihologramas.com\\\/en\\\/?s={search_term_string}\"},\"query-input\":{\"@type\":\"PropertyValueSpecification\",\"valueRequired\":true,\"valueName\":\"search_term_string\"}}],\"inLanguage\":\"en-US\"},{\"@type\":\"Organization\",\"@id\":\"https:\\\/\\\/www.cihologramas.com\\\/en\\\/#organization\",\"name\":\"CI Hologramas | Hologramas de Seguridad y Soluciones \u00d3pticas Avanzadas\",\"alternateName\":\"CI Hologramas\",\"url\":\"https:\\\/\\\/www.cihologramas.com\\\/en\\\/\",\"logo\":{\"@type\":\"ImageObject\",\"inLanguage\":\"en-US\",\"@id\":\"https:\\\/\\\/www.cihologramas.com\\\/en\\\/#\\\/schema\\\/logo\\\/image\\\/\",\"url\":\"https:\\\/\\\/www.cihologramas.com\\\/wp-content\\\/uploads\\\/2025\\\/11\\\/ci-hologramas-logoV1.svg\",\"contentUrl\":\"https:\\\/\\\/www.cihologramas.com\\\/wp-content\\\/uploads\\\/2025\\\/11\\\/ci-hologramas-logoV1.svg\",\"width\":512,\"height\":512,\"caption\":\"CI Hologramas | Hologramas de Seguridad y Soluciones \u00d3pticas Avanzadas\"},\"image\":{\"@id\":\"https:\\\/\\\/www.cihologramas.com\\\/en\\\/#\\\/schema\\\/logo\\\/image\\\/\"},\"sameAs\":[\"https:\\\/\\\/www.facebook.com\\\/Cihologramas\",\"https:\\\/\\\/x.com\\\/cihologramas\",\"https:\\\/\\\/www.instagram.com\\\/cihologramas\\\/\",\"https:\\\/\\\/www.youtube.com\\\/@cihologramas_holo\"]}]}<\/script>\n<!-- \/ Yoast SEO plugin. -->","yoast_head_json":{"title":"Global Partners - CI Hologramas | Hologramas de Seguridad y Soluciones \u00d3pticas Avanzadas Global Partners \u2013 CI Hologramas | Hologramas de Seguridad y Soluciones \u00d3pticas Avanzadas","description":"Explora Global Partners de CI Hologramas | Hologramas de Seguridad y Soluciones \u00d3pticas Avanzadas, l\u00edder en hologramas de seguridad, etiquetas \u00f3pticas y tecnolog\u00eda avanzada para protecci\u00f3n y autenticaci\u00f3n de productos.","robots":{"index":"index","follow":"follow","max-snippet":"max-snippet:-1","max-image-preview":"max-image-preview:large","max-video-preview":"max-video-preview:-1"},"canonical":"https:\/\/www.cihologramas.com\/en\/global-partners\/","og_locale":"en_US","og_type":"article","og_title":"Global Partners - CI Hologramas | Hologramas de Seguridad y Soluciones \u00d3pticas Avanzadas Global Partners \u2013 CI Hologramas | Hologramas de Seguridad y Soluciones \u00d3pticas Avanzadas","og_description":"Explora Global Partners de CI Hologramas | Hologramas de Seguridad y Soluciones \u00d3pticas Avanzadas, l\u00edder en hologramas de seguridad, etiquetas \u00f3pticas y tecnolog\u00eda avanzada para protecci\u00f3n y autenticaci\u00f3n de productos.","og_url":"https:\/\/www.cihologramas.com\/en\/global-partners\/","og_site_name":"CI Hologramas | Hologramas de Seguridad y Soluciones \u00d3pticas Avanzadas","article_publisher":"https:\/\/www.facebook.com\/Cihologramas","article_modified_time":"2025-01-28T21:30:05+00:00","og_image":[{"width":1200,"height":675,"url":"https:\/\/www.cihologramas.com\/wp-content\/uploads\/2025\/11\/Banner_Yoast_Seo.jpg","type":"image\/jpeg"}],"twitter_card":"summary_large_image","twitter_site":"@cihologramas","twitter_misc":{"Est. reading time":"2 minutes"},"schema":{"@context":"https:\/\/schema.org","@graph":[{"@type":"WebPage","@id":"https:\/\/www.cihologramas.com\/en\/global-partners\/","url":"https:\/\/www.cihologramas.com\/en\/global-partners\/","name":"Global Partners - CI Hologramas | Hologramas de Seguridad y Soluciones \u00d3pticas Avanzadas Global Partners \u2013 CI Hologramas | Hologramas de Seguridad y Soluciones \u00d3pticas Avanzadas","isPartOf":{"@id":"https:\/\/www.cihologramas.com\/en\/#website"},"datePublished":"2024-07-09T20:24:38+00:00","dateModified":"2025-01-28T21:30:05+00:00","description":"Explora Global Partners de CI Hologramas | Hologramas de Seguridad y Soluciones \u00d3pticas Avanzadas, l\u00edder en hologramas de seguridad, etiquetas \u00f3pticas y tecnolog\u00eda avanzada para protecci\u00f3n y autenticaci\u00f3n de productos.","breadcrumb":{"@id":"https:\/\/www.cihologramas.com\/en\/global-partners\/#breadcrumb"},"inLanguage":"en-US","potentialAction":[{"@type":"ReadAction","target":["https:\/\/www.cihologramas.com\/en\/global-partners\/"]}]},{"@type":"BreadcrumbList","@id":"https:\/\/www.cihologramas.com\/en\/global-partners\/#breadcrumb","itemListElement":[{"@type":"ListItem","position":1,"name":"Portada","item":"https:\/\/www.cihologramas.com\/en\/"},{"@type":"ListItem","position":2,"name":"Global Partners"}]},{"@type":"WebSite","@id":"https:\/\/www.cihologramas.com\/en\/#website","url":"https:\/\/www.cihologramas.com\/en\/","name":"CI Hologramas | Hologramas de Seguridad y Soluciones \u00d3pticas Avanzadas","description":"Fabricaci\u00f3n de hologramas de seguridad, etiquetas hologr\u00e1ficas y tecnolog\u00eda \u00f3ptica aplicada para autenticaci\u00f3n y protecci\u00f3n de productos.","publisher":{"@id":"https:\/\/www.cihologramas.com\/en\/#organization"},"alternateName":"CI Hologramas","potentialAction":[{"@type":"SearchAction","target":{"@type":"EntryPoint","urlTemplate":"https:\/\/www.cihologramas.com\/en\/?s={search_term_string}"},"query-input":{"@type":"PropertyValueSpecification","valueRequired":true,"valueName":"search_term_string"}}],"inLanguage":"en-US"},{"@type":"Organization","@id":"https:\/\/www.cihologramas.com\/en\/#organization","name":"CI Hologramas | Hologramas de Seguridad y Soluciones \u00d3pticas Avanzadas","alternateName":"CI Hologramas","url":"https:\/\/www.cihologramas.com\/en\/","logo":{"@type":"ImageObject","inLanguage":"en-US","@id":"https:\/\/www.cihologramas.com\/en\/#\/schema\/logo\/image\/","url":"https:\/\/www.cihologramas.com\/wp-content\/uploads\/2025\/11\/ci-hologramas-logoV1.svg","contentUrl":"https:\/\/www.cihologramas.com\/wp-content\/uploads\/2025\/11\/ci-hologramas-logoV1.svg","width":512,"height":512,"caption":"CI Hologramas | Hologramas de Seguridad y Soluciones \u00d3pticas Avanzadas"},"image":{"@id":"https:\/\/www.cihologramas.com\/en\/#\/schema\/logo\/image\/"},"sameAs":["https:\/\/www.facebook.com\/Cihologramas","https:\/\/x.com\/cihologramas","https:\/\/www.instagram.com\/cihologramas\/","https:\/\/www.youtube.com\/@cihologramas_holo"]}]}},"_links":{"self":[{"href":"https:\/\/www.cihologramas.com\/en\/wp-json\/wp\/v2\/pages\/1413","targetHints":{"allow":["GET"]}}],"collection":[{"href":"https:\/\/www.cihologramas.com\/en\/wp-json\/wp\/v2\/pages"}],"about":[{"href":"https:\/\/www.cihologramas.com\/en\/wp-json\/wp\/v2\/types\/page"}],"author":[{"embeddable":true,"href":"https:\/\/www.cihologramas.com\/en\/wp-json\/wp\/v2\/users\/1"}],"replies":[{"embeddable":true,"href":"https:\/\/www.cihologramas.com\/en\/wp-json\/wp\/v2\/comments?post=1413"}],"version-history":[{"count":17,"href":"https:\/\/www.cihologramas.com\/en\/wp-json\/wp\/v2\/pages\/1413\/revisions"}],"predecessor-version":[{"id":6006,"href":"https:\/\/www.cihologramas.com\/en\/wp-json\/wp\/v2\/pages\/1413\/revisions\/6006"}],"wp:attachment":[{"href":"https:\/\/www.cihologramas.com\/en\/wp-json\/wp\/v2\/media?parent=1413"}],"curies":[{"name":"wp","href":"https:\/\/api.w.org\/{rel}","templated":true}]}}