{"id":1881,"date":"2024-07-16T11:33:33","date_gmt":"2024-07-16T16:33:33","guid":{"rendered":"https:\/\/cihologramas.com\/producto\/dragonfly\/"},"modified":"2024-08-09T16:20:23","modified_gmt":"2024-08-09T21:20:23","slug":"dragonfly","status":"publish","type":"product","link":"https:\/\/www.cihologramas.com\/en\/producto\/dragonfly\/","title":{"rendered":"Dragonfly"},"content":{"rendered":"<h1>Dragonfly: High Speed Microlithography Origination System<\/h1>\n<h2>Description<\/h2>\n<p>  Dragonfly is a state-of-the-art microlithography origination system designed to produce low-resolution Fresnel lenses and optically variable elements at high speed, especially for packaging applications. It includes Project Manager software, which is installed on separate design computers (not included). This software uses image files in standard bitmap formats (.tiff, .jpg, .png and .bmp) to create projects and display them as holograms. Each project is saved as a single .holo file, which can be processed and uploaded to Dragonfly to start the matrix exposure process.  <\/p>\n<h2>Main Features<\/h2>\n<ul>\n<li><strong>Mapping Grid Resolution:<\/strong> 50,800 dpi<\/li>\n<li><strong>Operating Wavelength:<\/strong> 405 nm<\/li>\n<li><strong>Spot size (FWHM):<\/strong> &lt;2500 nm<\/li>\n<li><strong>Maximum Exposure Area:<\/strong>\n<ul>\n<li>500\u00d7500 mm\u00b2<\/li>\n<li>800\u00d7800 mm\u00b2<\/li>\n<li>1000\u00d71000 mm\u00b2<\/li>\n<li>Custom sizes available<\/li>\n<\/ul>\n<\/li>\n<li><strong>Intelligent Focusing System:<\/strong> Includes autofocus system that corrects for height differences in the substrate.<\/li>\n<li><strong>Origination Speed:<\/strong> Up to 15 cm\u00b2\/hour<\/li>\n<li><strong>Remote Operation:<\/strong> Control and monitoring from any device with web browser and connection to the same network, via HTTPS secure protocols.<\/li>\n<li><strong>Supplied Software:<\/strong> Firefly Project Manager for multiple computers<\/li>\n<li><strong>Remote Diagnostics:<\/strong> Remote monitoring and fault diagnosis service (RM&amp;FDS) via Internet for 1 year, including online consulting on the use of Project Manager and hologram design.<\/li>\n<\/ul>\n<h2>Origination Capabilities<\/h2>\n<p>  The Dragonfly is ideal for the production of Fresnel lenses and low resolution optically variable elements, ensuring precision and quality in every project.  <\/p>\n<h2>More Information<\/h2>\n<p> If you would like to learn more about the Dragonfly, its capabilities and technical specifications, please do not hesitate to contact us. Our team will be happy to provide you with all the necessary information to help you evaluate how the Dragonfly can meet your needs.  <\/p>\n<div class=\"et_pb_row et_pb_row_0\">\n<div class=\"et_pb_column et_pb_column_4_4 et_pb_column_0 et_pb_css_mix_blend_mode_passthrough et-last-child\">\n<div class=\"et_pb_module et_pb_text et_pb_text_0 et_pb_text_align_left et_pb_bg_layout_light\">\n<div class=\"et_pb_text_inner\">\n<div class=\"flex flex-grow flex-col max-w-full\">\n<div class=\"min-h-[20px] text-message flex flex-col items-start whitespace-pre-wrap break-words [.text-message+&amp;]:mt-5 juice:w-full juice:items-end overflow-x-auto gap-2\" dir=\"auto\" data-message-author-role=\"assistant\" data-message-id=\"f52a6013-06a4-4ab8-bf30-3796356e62d3\">\n<div class=\"flex w-full flex-col gap-1 juice:empty:hidden juice:first:pt-[3px]\">\n<div class=\"markdown prose w-full break-words dark:prose-invert light\"><\/div>\n<\/div>\n<\/div>\n<\/div>\n<\/div>\n<\/div>\n<\/div>\n<\/div>\n","protected":false},"excerpt":{"rendered":"<p>Dragonfly: High Speed Microlithography Origination System Description Dragonfly is a state-of-the-art microlithography origination system designed to produce low-resolution Fresnel lenses and optically variable elements at high speed, especially for packaging applications. It includes Project Manager software, which is installed on separate design computers (not included). This software uses image files in standard bitmap formats (.tiff, [&hellip;]<\/p>\n","protected":false},"featured_media":2423,"template":"","meta":{"_et_pb_use_builder":"off","_et_pb_old_content":"<h1>Dragonfly: High Speed Microlithography Origination System<\/h1>\n<h2>Description<\/h2>  Dragonfly is a state-of-the-art microlithography origination system designed to produce low-resolution Fresnel lenses and optically variable elements at high speed, especially for packaging applications. It includes Project Manager software, which is installed on separate design computers (not included). This software uses image files in standard bitmap formats (.tiff, .jpg, .png and .bmp) to create projects and display them as holograms. Each project is saved as a single .holo file, which can be processed and uploaded to Dragonfly to start the matrix exposure process.  <h2>Main Features<\/h2>\n<ul>\n \t<li><strong>Mapping Grid Resolution:<\/strong> 50,800 dpi<\/li>\n \t<li><strong>Operating Wavelength:<\/strong> 405 nm<\/li>\n \t<li><strong>Spot size (FWHM):<\/strong> <2500 nm<\/li>\n \t<li><strong>Maximum Exposure Area:<\/strong>\n<ul>\n \t<li>500\u00d7500 mm\u00b2<\/li>\n \t<li>800\u00d7800 mm\u00b2<\/li>\n \t<li>1000\u00d71000 mm\u00b2<\/li>\n \t<li>Custom sizes available<\/li>\n<\/ul>\n<\/li>\n \t<li><strong>Intelligent Focusing System:<\/strong> Includes autofocus system that corrects for height differences in the substrate.<\/li>\n \t<li><strong>Origination Speed:<\/strong> Up to 15 cm\u00b2\/hour<\/li>\n \t<li><strong>Remote Operation:<\/strong> Control and monitoring from any device with web browser and connection to the same network, via HTTPS secure protocols.<\/li>\n \t<li><strong>Supplied Software:<\/strong> Firefly Project Manager for multiple computers<\/li>\n \t<li><strong>Remote Diagnostics:<\/strong> Remote monitoring and fault diagnosis service (RM&FDS) via Internet for 1 year, including online consulting on the use of Project Manager and hologram design.<\/li>\n<\/ul>\n<h2>Origination Capabilities<\/h2>  The Dragonfly is ideal for the production of Fresnel lenses and low resolution optically variable elements, ensuring precision and quality in every project.  <h2>More Information<\/h2>  If you would like to learn more about the Firefly-Neo, its capabilities and technical specifications, please do not hesitate to contact us. Our team will be happy to provide you with all the necessary information to help you evaluate how the Dragonfly can meet your needs.  <div class=\"et_pb_row et_pb_row_0\">\n<div class=\"et_pb_column et_pb_column_4_4 et_pb_column_0 et_pb_css_mix_blend_mode_passthrough et-last-child\">\n<div class=\"et_pb_module et_pb_text et_pb_text_0 et_pb_text_align_left et_pb_bg_layout_light\">\n<div class=\"et_pb_text_inner\">\n<div class=\"flex flex-grow flex-col max-w-full\">\n<div class=\"min-h-[20px] text-message flex flex-col items-start whitespace-pre-wrap break-words [.text-message+&]:mt-5 juice:w-full juice:items-end overflow-x-auto gap-2\" dir=\"auto\" data-message-author-role=\"assistant\" data-message-id=\"f52a6013-06a4-4ab8-bf30-3796356e62d3\">\n<div class=\"flex w-full flex-col gap-1 juice:empty:hidden juice:first:pt-[3px]\">\n<div class=\"markdown prose w-full break-words dark:prose-invert light\">\n\n \n\n<\/div>\n<\/div>\n<\/div>\n<\/div>\n<\/div>\n<\/div>\n<\/div>\n<\/div>","_et_gb_content_width":""},"product_brand":[],"product_cat":[62],"product_tag":[],"class_list":{"0":"post-1881","1":"product","2":"type-product","3":"status-publish","4":"has-post-thumbnail","6":"product_cat-equipment-for-originating-holographic-masters","8":"first","9":"instock","10":"taxable","11":"shipping-taxable","12":"purchasable","13":"product-type-simple"},"yoast_head":"<!-- This site is optimized with the Yoast SEO plugin v27.4 - https:\/\/yoast.com\/product\/yoast-seo-wordpress\/ -->\n<title>Dragonfly - CI Hologramas | Hologramas de Seguridad y Soluciones \u00d3pticas Avanzadas Dragonfly \u2013 Hologramas de Seguridad y Soluciones \u00d3pticas | CI Hologramas | Hologramas de Seguridad y Soluciones \u00d3pticas Avanzadas<\/title>\n<meta name=\"description\" content=\"Descubre Dragonfly de CI Hologramas | Hologramas de Seguridad y Soluciones \u00d3pticas Avanzadas, dise\u00f1ado para proteger tu marca con tecnolog\u00eda \u00f3ptica avanzada, autenticaci\u00f3n visual y prevenci\u00f3n de falsificaci\u00f3n.\" \/>\n<meta name=\"robots\" content=\"index, follow, max-snippet:-1, max-image-preview:large, max-video-preview:-1\" \/>\n<link rel=\"canonical\" href=\"https:\/\/www.cihologramas.com\/en\/producto\/dragonfly\/\" \/>\n<meta property=\"og:locale\" content=\"en_US\" \/>\n<meta property=\"og:type\" content=\"article\" \/>\n<meta property=\"og:title\" content=\"Dragonfly - CI Hologramas | Hologramas de Seguridad y Soluciones \u00d3pticas Avanzadas Dragonfly \u2013 Hologramas de Seguridad y Soluciones \u00d3pticas | CI Hologramas | Hologramas de Seguridad y Soluciones \u00d3pticas Avanzadas\" \/>\n<meta property=\"og:description\" content=\"Descubre Dragonfly de CI Hologramas | Hologramas de Seguridad y Soluciones \u00d3pticas Avanzadas, dise\u00f1ado para proteger tu marca con tecnolog\u00eda \u00f3ptica avanzada, autenticaci\u00f3n visual y prevenci\u00f3n de falsificaci\u00f3n.\" \/>\n<meta property=\"og:url\" content=\"https:\/\/www.cihologramas.com\/en\/producto\/dragonfly\/\" \/>\n<meta property=\"og:site_name\" content=\"CI Hologramas | Hologramas de Seguridad y Soluciones \u00d3pticas Avanzadas\" \/>\n<meta property=\"article:publisher\" content=\"https:\/\/www.facebook.com\/Cihologramas\" \/>\n<meta property=\"article:modified_time\" content=\"2024-08-09T21:20:23+00:00\" \/>\n<meta property=\"og:image\" content=\"https:\/\/www.cihologramas.com\/wp-content\/uploads\/2024\/07\/IN_05.png\" \/>\n\t<meta property=\"og:image:width\" content=\"512\" \/>\n\t<meta property=\"og:image:height\" content=\"512\" \/>\n\t<meta property=\"og:image:type\" content=\"image\/png\" \/>\n<meta name=\"twitter:card\" content=\"summary_large_image\" \/>\n<meta name=\"twitter:site\" content=\"@cihologramas\" \/>\n<meta name=\"twitter:label1\" content=\"Est. reading time\" \/>\n\t<meta name=\"twitter:data1\" content=\"1 minute\" \/>\n<script type=\"application\/ld+json\" class=\"yoast-schema-graph\">{\"@context\":\"https:\\\/\\\/schema.org\",\"@graph\":[{\"@type\":\"WebPage\",\"@id\":\"https:\\\/\\\/www.cihologramas.com\\\/en\\\/producto\\\/dragonfly\\\/\",\"url\":\"https:\\\/\\\/www.cihologramas.com\\\/en\\\/producto\\\/dragonfly\\\/\",\"name\":\"Dragonfly - CI Hologramas | Hologramas de Seguridad y Soluciones \u00d3pticas Avanzadas Dragonfly \u2013 Hologramas de Seguridad y Soluciones \u00d3pticas | CI Hologramas | Hologramas de Seguridad y Soluciones \u00d3pticas Avanzadas\",\"isPartOf\":{\"@id\":\"https:\\\/\\\/www.cihologramas.com\\\/en\\\/#website\"},\"primaryImageOfPage\":{\"@id\":\"https:\\\/\\\/www.cihologramas.com\\\/en\\\/producto\\\/dragonfly\\\/#primaryimage\"},\"image\":{\"@id\":\"https:\\\/\\\/www.cihologramas.com\\\/en\\\/producto\\\/dragonfly\\\/#primaryimage\"},\"thumbnailUrl\":\"https:\\\/\\\/www.cihologramas.com\\\/wp-content\\\/uploads\\\/2024\\\/07\\\/IN_05.png\",\"datePublished\":\"2024-07-16T16:33:33+00:00\",\"dateModified\":\"2024-08-09T21:20:23+00:00\",\"description\":\"Descubre Dragonfly de CI Hologramas | Hologramas de Seguridad y Soluciones \u00d3pticas Avanzadas, dise\u00f1ado para proteger tu marca con tecnolog\u00eda \u00f3ptica avanzada, autenticaci\u00f3n visual y prevenci\u00f3n de falsificaci\u00f3n.\",\"breadcrumb\":{\"@id\":\"https:\\\/\\\/www.cihologramas.com\\\/en\\\/producto\\\/dragonfly\\\/#breadcrumb\"},\"inLanguage\":\"en-US\",\"potentialAction\":[{\"@type\":\"ReadAction\",\"target\":[\"https:\\\/\\\/www.cihologramas.com\\\/en\\\/producto\\\/dragonfly\\\/\"]}]},{\"@type\":\"ImageObject\",\"inLanguage\":\"en-US\",\"@id\":\"https:\\\/\\\/www.cihologramas.com\\\/en\\\/producto\\\/dragonfly\\\/#primaryimage\",\"url\":\"https:\\\/\\\/www.cihologramas.com\\\/wp-content\\\/uploads\\\/2024\\\/07\\\/IN_05.png\",\"contentUrl\":\"https:\\\/\\\/www.cihologramas.com\\\/wp-content\\\/uploads\\\/2024\\\/07\\\/IN_05.png\",\"width\":512,\"height\":512},{\"@type\":\"BreadcrumbList\",\"@id\":\"https:\\\/\\\/www.cihologramas.com\\\/en\\\/producto\\\/dragonfly\\\/#breadcrumb\",\"itemListElement\":[{\"@type\":\"ListItem\",\"position\":1,\"name\":\"Portada\",\"item\":\"https:\\\/\\\/www.cihologramas.com\\\/en\\\/\"},{\"@type\":\"ListItem\",\"position\":2,\"name\":\"Products and Services\",\"item\":\"https:\\\/\\\/www.cihologramas.com\\\/en\\\/products-and-services\\\/\"},{\"@type\":\"ListItem\",\"position\":3,\"name\":\"Dragonfly\"}]},{\"@type\":\"WebSite\",\"@id\":\"https:\\\/\\\/www.cihologramas.com\\\/en\\\/#website\",\"url\":\"https:\\\/\\\/www.cihologramas.com\\\/en\\\/\",\"name\":\"CI Hologramas | Hologramas de Seguridad y Soluciones \u00d3pticas Avanzadas\",\"description\":\"Fabricaci\u00f3n de hologramas de seguridad, etiquetas hologr\u00e1ficas y tecnolog\u00eda \u00f3ptica aplicada para autenticaci\u00f3n y protecci\u00f3n de productos.\",\"publisher\":{\"@id\":\"https:\\\/\\\/www.cihologramas.com\\\/en\\\/#organization\"},\"alternateName\":\"CI Hologramas\",\"potentialAction\":[{\"@type\":\"SearchAction\",\"target\":{\"@type\":\"EntryPoint\",\"urlTemplate\":\"https:\\\/\\\/www.cihologramas.com\\\/en\\\/?s={search_term_string}\"},\"query-input\":{\"@type\":\"PropertyValueSpecification\",\"valueRequired\":true,\"valueName\":\"search_term_string\"}}],\"inLanguage\":\"en-US\"},{\"@type\":\"Organization\",\"@id\":\"https:\\\/\\\/www.cihologramas.com\\\/en\\\/#organization\",\"name\":\"CI Hologramas | Hologramas de Seguridad y Soluciones \u00d3pticas Avanzadas\",\"alternateName\":\"CI Hologramas\",\"url\":\"https:\\\/\\\/www.cihologramas.com\\\/en\\\/\",\"logo\":{\"@type\":\"ImageObject\",\"inLanguage\":\"en-US\",\"@id\":\"https:\\\/\\\/www.cihologramas.com\\\/en\\\/#\\\/schema\\\/logo\\\/image\\\/\",\"url\":\"https:\\\/\\\/www.cihologramas.com\\\/wp-content\\\/uploads\\\/2025\\\/11\\\/ci-hologramas-logoV1.svg\",\"contentUrl\":\"https:\\\/\\\/www.cihologramas.com\\\/wp-content\\\/uploads\\\/2025\\\/11\\\/ci-hologramas-logoV1.svg\",\"width\":512,\"height\":512,\"caption\":\"CI Hologramas | Hologramas de Seguridad y Soluciones \u00d3pticas Avanzadas\"},\"image\":{\"@id\":\"https:\\\/\\\/www.cihologramas.com\\\/en\\\/#\\\/schema\\\/logo\\\/image\\\/\"},\"sameAs\":[\"https:\\\/\\\/www.facebook.com\\\/Cihologramas\",\"https:\\\/\\\/x.com\\\/cihologramas\",\"https:\\\/\\\/www.instagram.com\\\/cihologramas\\\/\",\"https:\\\/\\\/www.youtube.com\\\/@cihologramas_holo\"]}]}<\/script>\n<!-- \/ Yoast SEO plugin. -->","yoast_head_json":{"title":"Dragonfly - CI Hologramas | Hologramas de Seguridad y Soluciones \u00d3pticas Avanzadas Dragonfly \u2013 Hologramas de Seguridad y Soluciones \u00d3pticas | CI Hologramas | Hologramas de Seguridad y Soluciones \u00d3pticas Avanzadas","description":"Descubre Dragonfly de CI Hologramas | Hologramas de Seguridad y Soluciones \u00d3pticas Avanzadas, dise\u00f1ado para proteger tu marca con tecnolog\u00eda \u00f3ptica avanzada, autenticaci\u00f3n visual y prevenci\u00f3n de falsificaci\u00f3n.","robots":{"index":"index","follow":"follow","max-snippet":"max-snippet:-1","max-image-preview":"max-image-preview:large","max-video-preview":"max-video-preview:-1"},"canonical":"https:\/\/www.cihologramas.com\/en\/producto\/dragonfly\/","og_locale":"en_US","og_type":"article","og_title":"Dragonfly - CI Hologramas | Hologramas de Seguridad y Soluciones \u00d3pticas Avanzadas Dragonfly \u2013 Hologramas de Seguridad y Soluciones \u00d3pticas | CI Hologramas | Hologramas de Seguridad y Soluciones \u00d3pticas Avanzadas","og_description":"Descubre Dragonfly de CI Hologramas | Hologramas de Seguridad y Soluciones \u00d3pticas Avanzadas, dise\u00f1ado para proteger tu marca con tecnolog\u00eda \u00f3ptica avanzada, autenticaci\u00f3n visual y prevenci\u00f3n de falsificaci\u00f3n.","og_url":"https:\/\/www.cihologramas.com\/en\/producto\/dragonfly\/","og_site_name":"CI Hologramas | Hologramas de Seguridad y Soluciones \u00d3pticas Avanzadas","article_publisher":"https:\/\/www.facebook.com\/Cihologramas","article_modified_time":"2024-08-09T21:20:23+00:00","og_image":[{"width":512,"height":512,"url":"https:\/\/www.cihologramas.com\/wp-content\/uploads\/2024\/07\/IN_05.png","type":"image\/png"}],"twitter_card":"summary_large_image","twitter_site":"@cihologramas","twitter_misc":{"Est. reading time":"1 minute"},"schema":{"@context":"https:\/\/schema.org","@graph":[{"@type":"WebPage","@id":"https:\/\/www.cihologramas.com\/en\/producto\/dragonfly\/","url":"https:\/\/www.cihologramas.com\/en\/producto\/dragonfly\/","name":"Dragonfly - CI Hologramas | Hologramas de Seguridad y Soluciones \u00d3pticas Avanzadas Dragonfly \u2013 Hologramas de Seguridad y Soluciones \u00d3pticas | CI Hologramas | Hologramas de Seguridad y Soluciones \u00d3pticas Avanzadas","isPartOf":{"@id":"https:\/\/www.cihologramas.com\/en\/#website"},"primaryImageOfPage":{"@id":"https:\/\/www.cihologramas.com\/en\/producto\/dragonfly\/#primaryimage"},"image":{"@id":"https:\/\/www.cihologramas.com\/en\/producto\/dragonfly\/#primaryimage"},"thumbnailUrl":"https:\/\/www.cihologramas.com\/wp-content\/uploads\/2024\/07\/IN_05.png","datePublished":"2024-07-16T16:33:33+00:00","dateModified":"2024-08-09T21:20:23+00:00","description":"Descubre Dragonfly de CI Hologramas | Hologramas de Seguridad y Soluciones \u00d3pticas Avanzadas, dise\u00f1ado para proteger tu marca con tecnolog\u00eda \u00f3ptica avanzada, autenticaci\u00f3n visual y prevenci\u00f3n de falsificaci\u00f3n.","breadcrumb":{"@id":"https:\/\/www.cihologramas.com\/en\/producto\/dragonfly\/#breadcrumb"},"inLanguage":"en-US","potentialAction":[{"@type":"ReadAction","target":["https:\/\/www.cihologramas.com\/en\/producto\/dragonfly\/"]}]},{"@type":"ImageObject","inLanguage":"en-US","@id":"https:\/\/www.cihologramas.com\/en\/producto\/dragonfly\/#primaryimage","url":"https:\/\/www.cihologramas.com\/wp-content\/uploads\/2024\/07\/IN_05.png","contentUrl":"https:\/\/www.cihologramas.com\/wp-content\/uploads\/2024\/07\/IN_05.png","width":512,"height":512},{"@type":"BreadcrumbList","@id":"https:\/\/www.cihologramas.com\/en\/producto\/dragonfly\/#breadcrumb","itemListElement":[{"@type":"ListItem","position":1,"name":"Portada","item":"https:\/\/www.cihologramas.com\/en\/"},{"@type":"ListItem","position":2,"name":"Products and Services","item":"https:\/\/www.cihologramas.com\/en\/products-and-services\/"},{"@type":"ListItem","position":3,"name":"Dragonfly"}]},{"@type":"WebSite","@id":"https:\/\/www.cihologramas.com\/en\/#website","url":"https:\/\/www.cihologramas.com\/en\/","name":"CI Hologramas | Hologramas de Seguridad y Soluciones \u00d3pticas Avanzadas","description":"Fabricaci\u00f3n de hologramas de seguridad, etiquetas hologr\u00e1ficas y tecnolog\u00eda \u00f3ptica aplicada para autenticaci\u00f3n y protecci\u00f3n de productos.","publisher":{"@id":"https:\/\/www.cihologramas.com\/en\/#organization"},"alternateName":"CI Hologramas","potentialAction":[{"@type":"SearchAction","target":{"@type":"EntryPoint","urlTemplate":"https:\/\/www.cihologramas.com\/en\/?s={search_term_string}"},"query-input":{"@type":"PropertyValueSpecification","valueRequired":true,"valueName":"search_term_string"}}],"inLanguage":"en-US"},{"@type":"Organization","@id":"https:\/\/www.cihologramas.com\/en\/#organization","name":"CI Hologramas | Hologramas de Seguridad y Soluciones \u00d3pticas Avanzadas","alternateName":"CI Hologramas","url":"https:\/\/www.cihologramas.com\/en\/","logo":{"@type":"ImageObject","inLanguage":"en-US","@id":"https:\/\/www.cihologramas.com\/en\/#\/schema\/logo\/image\/","url":"https:\/\/www.cihologramas.com\/wp-content\/uploads\/2025\/11\/ci-hologramas-logoV1.svg","contentUrl":"https:\/\/www.cihologramas.com\/wp-content\/uploads\/2025\/11\/ci-hologramas-logoV1.svg","width":512,"height":512,"caption":"CI Hologramas | Hologramas de Seguridad y Soluciones \u00d3pticas Avanzadas"},"image":{"@id":"https:\/\/www.cihologramas.com\/en\/#\/schema\/logo\/image\/"},"sameAs":["https:\/\/www.facebook.com\/Cihologramas","https:\/\/x.com\/cihologramas","https:\/\/www.instagram.com\/cihologramas\/","https:\/\/www.youtube.com\/@cihologramas_holo"]}]}},"_links":{"self":[{"href":"https:\/\/www.cihologramas.com\/en\/wp-json\/wp\/v2\/product\/1881","targetHints":{"allow":["GET"]}}],"collection":[{"href":"https:\/\/www.cihologramas.com\/en\/wp-json\/wp\/v2\/product"}],"about":[{"href":"https:\/\/www.cihologramas.com\/en\/wp-json\/wp\/v2\/types\/product"}],"wp:featuredmedia":[{"embeddable":true,"href":"https:\/\/www.cihologramas.com\/en\/wp-json\/wp\/v2\/media\/2423"}],"wp:attachment":[{"href":"https:\/\/www.cihologramas.com\/en\/wp-json\/wp\/v2\/media?parent=1881"}],"wp:term":[{"taxonomy":"product_brand","embeddable":true,"href":"https:\/\/www.cihologramas.com\/en\/wp-json\/wp\/v2\/product_brand?post=1881"},{"taxonomy":"product_cat","embeddable":true,"href":"https:\/\/www.cihologramas.com\/en\/wp-json\/wp\/v2\/product_cat?post=1881"},{"taxonomy":"product_tag","embeddable":true,"href":"https:\/\/www.cihologramas.com\/en\/wp-json\/wp\/v2\/product_tag?post=1881"}],"curies":[{"name":"wp","href":"https:\/\/api.w.org\/{rel}","templated":true}]}}