{"id":1976,"date":"2024-07-16T12:26:00","date_gmt":"2024-07-16T17:26:00","guid":{"rendered":"https:\/\/cihologramas.com\/producto\/cintas-coldfoil\/"},"modified":"2024-08-09T16:17:59","modified_gmt":"2024-08-09T21:17:59","slug":"cintas-coldfoil","status":"publish","type":"product","link":"https:\/\/www.cihologramas.com\/en\/producto\/cintas-coldfoil\/","title":{"rendered":"Custom Holographic Cold Foil"},"content":{"rendered":"<p>For the time being, this is a dummy product. All information is in the cold foil category.<\/p>\n","protected":false},"excerpt":{"rendered":"<p>For the time being, this is a dummy product. All information is in the cold foil category.<\/p>\n","protected":false},"featured_media":2324,"template":"","meta":{"_et_pb_use_builder":"off","_et_pb_old_content":"<h1>CUSTOM HOLOGRAPHIC COLD FOIL<\/h1>  Our Custom Holographic Cold Foil is designed to provide identification, protection and promotion for your products, helping to prevent counterfeiting of branded items. These films are the perfect complement to labeling tags and shrink caps commonly used in packaging, as they allow the combination of these traditional graphic products with high-quality holographic images. They are supplied in rolls of different widths according to the customer's needs.  <h2>Features and Benefits:<\/h2>\n<ul>\n \t<li><strong>Counterfeiting Prevention:<\/strong> They make it difficult to reproduce labels and packaging.<\/li>\n \t<li><strong>Versatility of Use:<\/strong> Suitable for a wide variety of products and sectors.<\/li>\n \t<li><strong>Customization:<\/strong> Manufactured from a custom holographic master exclusively for the client's use.<\/li>\n<\/ul>\n<h2>Contact Us:<\/h2>  To learn more about the technical specifications of our Custom Holographic Cold Foil or to receive pricing information, please contact us via email or WhatsApp.  <h2>Place Your Order Today!<\/h2>  Don't wait any longer and ensure the protection of your products with our Custom Holographic Cold Foil. Contact us for more information or to place your order!  ","_et_gb_content_width":""},"product_brand":[],"product_cat":[64],"product_tag":[],"class_list":{"0":"post-1976","1":"product","2":"type-product","3":"status-publish","4":"has-post-thumbnail","6":"product_cat-holographic-products","8":"first","9":"instock","10":"taxable","11":"shipping-taxable","12":"purchasable","13":"product-type-simple"},"yoast_head":"<!-- This site is optimized with the Yoast SEO plugin v27.5 - https:\/\/yoast.com\/product\/yoast-seo-wordpress\/ -->\n<title>Custom Holographic Cold Foil - CI Hologramas | Hologramas de Seguridad y Soluciones \u00d3pticas Avanzadas Custom Holographic Cold Foil \u2013 Hologramas de Seguridad y Soluciones \u00d3pticas | CI Hologramas | Hologramas de Seguridad y Soluciones \u00d3pticas Avanzadas<\/title>\n<meta name=\"description\" content=\"Descubre Custom Holographic Cold Foil de CI Hologramas | Hologramas de Seguridad y Soluciones \u00d3pticas Avanzadas, dise\u00f1ado para proteger tu marca con tecnolog\u00eda \u00f3ptica avanzada, autenticaci\u00f3n visual y prevenci\u00f3n de falsificaci\u00f3n.\" \/>\n<meta name=\"robots\" content=\"index, follow, max-snippet:-1, max-image-preview:large, max-video-preview:-1\" \/>\n<link rel=\"canonical\" href=\"https:\/\/www.cihologramas.com\/en\/producto\/cintas-coldfoil\/\" \/>\n<meta property=\"og:locale\" content=\"en_US\" \/>\n<meta property=\"og:type\" content=\"article\" \/>\n<meta property=\"og:title\" content=\"Custom Holographic Cold Foil - CI Hologramas | Hologramas de Seguridad y Soluciones \u00d3pticas Avanzadas Custom Holographic Cold Foil \u2013 Hologramas de Seguridad y Soluciones \u00d3pticas | CI Hologramas | Hologramas de Seguridad y Soluciones \u00d3pticas Avanzadas\" \/>\n<meta property=\"og:description\" content=\"Descubre Custom Holographic Cold Foil de CI Hologramas | Hologramas de Seguridad y Soluciones \u00d3pticas Avanzadas, dise\u00f1ado para proteger tu marca con tecnolog\u00eda \u00f3ptica avanzada, autenticaci\u00f3n visual y prevenci\u00f3n de falsificaci\u00f3n.\" \/>\n<meta property=\"og:url\" content=\"https:\/\/www.cihologramas.com\/en\/producto\/cintas-coldfoil\/\" \/>\n<meta property=\"og:site_name\" content=\"CI Hologramas | Hologramas de Seguridad y Soluciones \u00d3pticas Avanzadas\" \/>\n<meta property=\"article:publisher\" content=\"https:\/\/www.facebook.com\/Cihologramas\" \/>\n<meta property=\"article:modified_time\" content=\"2024-08-09T21:17:59+00:00\" \/>\n<meta property=\"og:image\" content=\"https:\/\/www.cihologramas.com\/wp-content\/uploads\/2024\/07\/Cold-foild.png\" \/>\n\t<meta property=\"og:image:width\" content=\"512\" \/>\n\t<meta property=\"og:image:height\" content=\"512\" \/>\n\t<meta property=\"og:image:type\" content=\"image\/png\" \/>\n<meta name=\"twitter:card\" content=\"summary_large_image\" \/>\n<meta name=\"twitter:site\" content=\"@cihologramas\" \/>\n<script type=\"application\/ld+json\" class=\"yoast-schema-graph\">{\"@context\":\"https:\\\/\\\/schema.org\",\"@graph\":[{\"@type\":\"WebPage\",\"@id\":\"https:\\\/\\\/www.cihologramas.com\\\/en\\\/producto\\\/cintas-coldfoil\\\/\",\"url\":\"https:\\\/\\\/www.cihologramas.com\\\/en\\\/producto\\\/cintas-coldfoil\\\/\",\"name\":\"Custom Holographic Cold Foil - CI Hologramas | Hologramas de Seguridad y Soluciones \u00d3pticas Avanzadas Custom Holographic Cold Foil \u2013 Hologramas de Seguridad y Soluciones \u00d3pticas | CI Hologramas | Hologramas de Seguridad y Soluciones \u00d3pticas Avanzadas\",\"isPartOf\":{\"@id\":\"https:\\\/\\\/www.cihologramas.com\\\/en\\\/#website\"},\"primaryImageOfPage\":{\"@id\":\"https:\\\/\\\/www.cihologramas.com\\\/en\\\/producto\\\/cintas-coldfoil\\\/#primaryimage\"},\"image\":{\"@id\":\"https:\\\/\\\/www.cihologramas.com\\\/en\\\/producto\\\/cintas-coldfoil\\\/#primaryimage\"},\"thumbnailUrl\":\"https:\\\/\\\/www.cihologramas.com\\\/wp-content\\\/uploads\\\/2024\\\/07\\\/Cold-foild.png\",\"datePublished\":\"2024-07-16T17:26:00+00:00\",\"dateModified\":\"2024-08-09T21:17:59+00:00\",\"description\":\"Descubre Custom Holographic Cold Foil de CI Hologramas | Hologramas de Seguridad y Soluciones \u00d3pticas Avanzadas, dise\u00f1ado para proteger tu marca con tecnolog\u00eda \u00f3ptica avanzada, autenticaci\u00f3n visual y prevenci\u00f3n de falsificaci\u00f3n.\",\"breadcrumb\":{\"@id\":\"https:\\\/\\\/www.cihologramas.com\\\/en\\\/producto\\\/cintas-coldfoil\\\/#breadcrumb\"},\"inLanguage\":\"en-US\",\"potentialAction\":[{\"@type\":\"ReadAction\",\"target\":[\"https:\\\/\\\/www.cihologramas.com\\\/en\\\/producto\\\/cintas-coldfoil\\\/\"]}]},{\"@type\":\"ImageObject\",\"inLanguage\":\"en-US\",\"@id\":\"https:\\\/\\\/www.cihologramas.com\\\/en\\\/producto\\\/cintas-coldfoil\\\/#primaryimage\",\"url\":\"https:\\\/\\\/www.cihologramas.com\\\/wp-content\\\/uploads\\\/2024\\\/07\\\/Cold-foild.png\",\"contentUrl\":\"https:\\\/\\\/www.cihologramas.com\\\/wp-content\\\/uploads\\\/2024\\\/07\\\/Cold-foild.png\",\"width\":512,\"height\":512},{\"@type\":\"BreadcrumbList\",\"@id\":\"https:\\\/\\\/www.cihologramas.com\\\/en\\\/producto\\\/cintas-coldfoil\\\/#breadcrumb\",\"itemListElement\":[{\"@type\":\"ListItem\",\"position\":1,\"name\":\"Portada\",\"item\":\"https:\\\/\\\/www.cihologramas.com\\\/en\\\/\"},{\"@type\":\"ListItem\",\"position\":2,\"name\":\"Products and Services\",\"item\":\"https:\\\/\\\/www.cihologramas.com\\\/en\\\/products-and-services\\\/\"},{\"@type\":\"ListItem\",\"position\":3,\"name\":\"Custom Holographic Cold Foil\"}]},{\"@type\":\"WebSite\",\"@id\":\"https:\\\/\\\/www.cihologramas.com\\\/en\\\/#website\",\"url\":\"https:\\\/\\\/www.cihologramas.com\\\/en\\\/\",\"name\":\"CI Hologramas | Hologramas de Seguridad y Soluciones \u00d3pticas Avanzadas\",\"description\":\"Fabricaci\u00f3n de hologramas de seguridad, etiquetas hologr\u00e1ficas y tecnolog\u00eda \u00f3ptica aplicada para autenticaci\u00f3n y protecci\u00f3n de productos.\",\"publisher\":{\"@id\":\"https:\\\/\\\/www.cihologramas.com\\\/en\\\/#organization\"},\"alternateName\":\"CI Hologramas\",\"potentialAction\":[{\"@type\":\"SearchAction\",\"target\":{\"@type\":\"EntryPoint\",\"urlTemplate\":\"https:\\\/\\\/www.cihologramas.com\\\/en\\\/?s={search_term_string}\"},\"query-input\":{\"@type\":\"PropertyValueSpecification\",\"valueRequired\":true,\"valueName\":\"search_term_string\"}}],\"inLanguage\":\"en-US\"},{\"@type\":\"Organization\",\"@id\":\"https:\\\/\\\/www.cihologramas.com\\\/en\\\/#organization\",\"name\":\"CI Hologramas | Hologramas de Seguridad y Soluciones \u00d3pticas Avanzadas\",\"alternateName\":\"CI Hologramas\",\"url\":\"https:\\\/\\\/www.cihologramas.com\\\/en\\\/\",\"logo\":{\"@type\":\"ImageObject\",\"inLanguage\":\"en-US\",\"@id\":\"https:\\\/\\\/www.cihologramas.com\\\/en\\\/#\\\/schema\\\/logo\\\/image\\\/\",\"url\":\"https:\\\/\\\/www.cihologramas.com\\\/wp-content\\\/uploads\\\/2025\\\/11\\\/ci-hologramas-logoV1.svg\",\"contentUrl\":\"https:\\\/\\\/www.cihologramas.com\\\/wp-content\\\/uploads\\\/2025\\\/11\\\/ci-hologramas-logoV1.svg\",\"width\":512,\"height\":512,\"caption\":\"CI Hologramas | Hologramas de Seguridad y Soluciones \u00d3pticas Avanzadas\"},\"image\":{\"@id\":\"https:\\\/\\\/www.cihologramas.com\\\/en\\\/#\\\/schema\\\/logo\\\/image\\\/\"},\"sameAs\":[\"https:\\\/\\\/www.facebook.com\\\/Cihologramas\",\"https:\\\/\\\/x.com\\\/cihologramas\",\"https:\\\/\\\/www.instagram.com\\\/cihologramas\\\/\",\"https:\\\/\\\/www.youtube.com\\\/@cihologramas_holo\"]}]}<\/script>\n<!-- \/ Yoast SEO plugin. -->","yoast_head_json":{"title":"Custom Holographic Cold Foil - CI Hologramas | Hologramas de Seguridad y Soluciones \u00d3pticas Avanzadas Custom Holographic Cold Foil \u2013 Hologramas de Seguridad y Soluciones \u00d3pticas | CI Hologramas | Hologramas de Seguridad y Soluciones \u00d3pticas Avanzadas","description":"Descubre Custom Holographic Cold Foil de CI Hologramas | Hologramas de Seguridad y Soluciones \u00d3pticas Avanzadas, dise\u00f1ado para proteger tu marca con tecnolog\u00eda \u00f3ptica avanzada, autenticaci\u00f3n visual y prevenci\u00f3n de falsificaci\u00f3n.","robots":{"index":"index","follow":"follow","max-snippet":"max-snippet:-1","max-image-preview":"max-image-preview:large","max-video-preview":"max-video-preview:-1"},"canonical":"https:\/\/www.cihologramas.com\/en\/producto\/cintas-coldfoil\/","og_locale":"en_US","og_type":"article","og_title":"Custom Holographic Cold Foil - CI Hologramas | Hologramas de Seguridad y Soluciones \u00d3pticas Avanzadas Custom Holographic Cold Foil \u2013 Hologramas de Seguridad y Soluciones \u00d3pticas | CI Hologramas | Hologramas de Seguridad y Soluciones \u00d3pticas Avanzadas","og_description":"Descubre Custom Holographic Cold Foil de CI Hologramas | Hologramas de Seguridad y Soluciones \u00d3pticas Avanzadas, dise\u00f1ado para proteger tu marca con tecnolog\u00eda \u00f3ptica avanzada, autenticaci\u00f3n visual y prevenci\u00f3n de falsificaci\u00f3n.","og_url":"https:\/\/www.cihologramas.com\/en\/producto\/cintas-coldfoil\/","og_site_name":"CI Hologramas | Hologramas de Seguridad y Soluciones \u00d3pticas Avanzadas","article_publisher":"https:\/\/www.facebook.com\/Cihologramas","article_modified_time":"2024-08-09T21:17:59+00:00","og_image":[{"width":512,"height":512,"url":"https:\/\/www.cihologramas.com\/wp-content\/uploads\/2024\/07\/Cold-foild.png","type":"image\/png"}],"twitter_card":"summary_large_image","twitter_site":"@cihologramas","schema":{"@context":"https:\/\/schema.org","@graph":[{"@type":"WebPage","@id":"https:\/\/www.cihologramas.com\/en\/producto\/cintas-coldfoil\/","url":"https:\/\/www.cihologramas.com\/en\/producto\/cintas-coldfoil\/","name":"Custom Holographic Cold Foil - CI Hologramas | Hologramas de Seguridad y Soluciones \u00d3pticas Avanzadas Custom Holographic Cold Foil \u2013 Hologramas de Seguridad y Soluciones \u00d3pticas | CI Hologramas | Hologramas de Seguridad y Soluciones \u00d3pticas Avanzadas","isPartOf":{"@id":"https:\/\/www.cihologramas.com\/en\/#website"},"primaryImageOfPage":{"@id":"https:\/\/www.cihologramas.com\/en\/producto\/cintas-coldfoil\/#primaryimage"},"image":{"@id":"https:\/\/www.cihologramas.com\/en\/producto\/cintas-coldfoil\/#primaryimage"},"thumbnailUrl":"https:\/\/www.cihologramas.com\/wp-content\/uploads\/2024\/07\/Cold-foild.png","datePublished":"2024-07-16T17:26:00+00:00","dateModified":"2024-08-09T21:17:59+00:00","description":"Descubre Custom Holographic Cold Foil de CI Hologramas | Hologramas de Seguridad y Soluciones \u00d3pticas Avanzadas, dise\u00f1ado para proteger tu marca con tecnolog\u00eda \u00f3ptica avanzada, autenticaci\u00f3n visual y prevenci\u00f3n de falsificaci\u00f3n.","breadcrumb":{"@id":"https:\/\/www.cihologramas.com\/en\/producto\/cintas-coldfoil\/#breadcrumb"},"inLanguage":"en-US","potentialAction":[{"@type":"ReadAction","target":["https:\/\/www.cihologramas.com\/en\/producto\/cintas-coldfoil\/"]}]},{"@type":"ImageObject","inLanguage":"en-US","@id":"https:\/\/www.cihologramas.com\/en\/producto\/cintas-coldfoil\/#primaryimage","url":"https:\/\/www.cihologramas.com\/wp-content\/uploads\/2024\/07\/Cold-foild.png","contentUrl":"https:\/\/www.cihologramas.com\/wp-content\/uploads\/2024\/07\/Cold-foild.png","width":512,"height":512},{"@type":"BreadcrumbList","@id":"https:\/\/www.cihologramas.com\/en\/producto\/cintas-coldfoil\/#breadcrumb","itemListElement":[{"@type":"ListItem","position":1,"name":"Portada","item":"https:\/\/www.cihologramas.com\/en\/"},{"@type":"ListItem","position":2,"name":"Products and Services","item":"https:\/\/www.cihologramas.com\/en\/products-and-services\/"},{"@type":"ListItem","position":3,"name":"Custom Holographic Cold Foil"}]},{"@type":"WebSite","@id":"https:\/\/www.cihologramas.com\/en\/#website","url":"https:\/\/www.cihologramas.com\/en\/","name":"CI Hologramas | Hologramas de Seguridad y Soluciones \u00d3pticas Avanzadas","description":"Fabricaci\u00f3n de hologramas de seguridad, etiquetas hologr\u00e1ficas y tecnolog\u00eda \u00f3ptica aplicada para autenticaci\u00f3n y protecci\u00f3n de productos.","publisher":{"@id":"https:\/\/www.cihologramas.com\/en\/#organization"},"alternateName":"CI Hologramas","potentialAction":[{"@type":"SearchAction","target":{"@type":"EntryPoint","urlTemplate":"https:\/\/www.cihologramas.com\/en\/?s={search_term_string}"},"query-input":{"@type":"PropertyValueSpecification","valueRequired":true,"valueName":"search_term_string"}}],"inLanguage":"en-US"},{"@type":"Organization","@id":"https:\/\/www.cihologramas.com\/en\/#organization","name":"CI Hologramas | Hologramas de Seguridad y Soluciones \u00d3pticas Avanzadas","alternateName":"CI Hologramas","url":"https:\/\/www.cihologramas.com\/en\/","logo":{"@type":"ImageObject","inLanguage":"en-US","@id":"https:\/\/www.cihologramas.com\/en\/#\/schema\/logo\/image\/","url":"https:\/\/www.cihologramas.com\/wp-content\/uploads\/2025\/11\/ci-hologramas-logoV1.svg","contentUrl":"https:\/\/www.cihologramas.com\/wp-content\/uploads\/2025\/11\/ci-hologramas-logoV1.svg","width":512,"height":512,"caption":"CI Hologramas | Hologramas de Seguridad y Soluciones \u00d3pticas Avanzadas"},"image":{"@id":"https:\/\/www.cihologramas.com\/en\/#\/schema\/logo\/image\/"},"sameAs":["https:\/\/www.facebook.com\/Cihologramas","https:\/\/x.com\/cihologramas","https:\/\/www.instagram.com\/cihologramas\/","https:\/\/www.youtube.com\/@cihologramas_holo"]}]}},"_links":{"self":[{"href":"https:\/\/www.cihologramas.com\/en\/wp-json\/wp\/v2\/product\/1976","targetHints":{"allow":["GET"]}}],"collection":[{"href":"https:\/\/www.cihologramas.com\/en\/wp-json\/wp\/v2\/product"}],"about":[{"href":"https:\/\/www.cihologramas.com\/en\/wp-json\/wp\/v2\/types\/product"}],"wp:featuredmedia":[{"embeddable":true,"href":"https:\/\/www.cihologramas.com\/en\/wp-json\/wp\/v2\/media\/2324"}],"wp:attachment":[{"href":"https:\/\/www.cihologramas.com\/en\/wp-json\/wp\/v2\/media?parent=1976"}],"wp:term":[{"taxonomy":"product_brand","embeddable":true,"href":"https:\/\/www.cihologramas.com\/en\/wp-json\/wp\/v2\/product_brand?post=1976"},{"taxonomy":"product_cat","embeddable":true,"href":"https:\/\/www.cihologramas.com\/en\/wp-json\/wp\/v2\/product_cat?post=1976"},{"taxonomy":"product_tag","embeddable":true,"href":"https:\/\/www.cihologramas.com\/en\/wp-json\/wp\/v2\/product_tag?post=1976"}],"curies":[{"name":"wp","href":"https:\/\/api.w.org\/{rel}","templated":true}]}}