{"id":4439,"date":"2024-07-27T17:30:22","date_gmt":"2024-07-27T22:30:22","guid":{"rendered":"https:\/\/cihologramas.com\/producto\/holographic-quick-customization-labels\/"},"modified":"2024-08-16T16:49:04","modified_gmt":"2024-08-16T21:49:04","slug":"holographic-quick-customization-labels","status":"publish","type":"product","link":"https:\/\/www.cihologramas.com\/en\/producto\/holographic-quick-customization-labels\/","title":{"rendered":"Holographic Quick Customization Labels"},"content":{"rendered":"<div class=\"flex-col gap-1 md:gap-3\">\n<div class=\"flex flex-grow flex-col max-w-full\">\n<div class=\"min-h-[20px] text-message flex w-full flex-col items-end gap-2 whitespace-pre-wrap break-words [.text-message+&amp;]:mt-5 overflow-x-auto\" dir=\"auto\" data-message-author-role=\"assistant\" data-message-id=\"b69550e5-1aa8-4abf-97f5-97503b8c3349\">\n<div class=\"flex w-full flex-col gap-1 empty:hidden first:pt-[3px]\">\n<div class=\"markdown prose w-full break-words dark:prose-invert light\">  Our <strong>Holographic Rapid Personalization Labels<\/strong> are designed to efficiently provide identification, protection and promotion of your products. These labels are printed on a hologram produced from a CIHOLOGRAMAS\/CITECH proprietary matrix, which is not exclusive to the customer. Customization includes thermal printing on black resin tape or laser demetalization of the logo, text or numbering indicated by the customer. These labels provide a fast and effective solution, with multiple security effects, to ensure that your products remain protected against counterfeiting. They are produced on plastic film that evidences any removal attempt (Tamper Evident material), offering an additional layer of protection. The turnaround time for these labels is shorter compared to the <a href=\"https:\/\/www.cihologramas.com\/en\/producto\/exclusive-design-holographic-labels\/\"><strong>Exclusive Design Holographic Labels<\/strong> <\/a>Holographic Labels or <a href=\"https:\/\/www.cihologramas.com\/en\/producto\/holographic-labels-with-partial-personalization\/\"><strong>Holographic Partial Personalization Holographic Labels<\/strong><\/a>The delivery time of these labels is shorter compared to the Unique Design Holographic Labels or Partial Personalization Holographic Labels, as there is no need to produce a new holographic matrix. This allows for faster implementation to meet your urgent security and promotional needs.  <\/div>\n<\/div>\n<\/div>\n<\/div>\n<\/div>\n","protected":false},"excerpt":{"rendered":"<p>Rapid Personalization Holographic Labels provide secure identification and counterfeit prevention through printing on non-unique holograms. They include customization options and safety features such as Tamper Evident manufacturing. Its production turns out to be faster in comparison with the <a href=\"https:\/\/www.cihologramas.com\/en\/producto\/exclusive-design-holographic-labels\/\"><strong>Exclusive Design Holographic Labels<\/strong> <\/a>or with the <a href=\"https:\/\/cihologramas.com\/producto\/etiquetas-holograficas-con-personalizacion-parcial\/\"><strong>Holographic Partial Personalization Holographic Labels, making it an optimal solution for urgent requirements.<\/strong><\/a>This makes it an optimal solution for urgent requirements.<\/p>\n","protected":false},"featured_media":2417,"template":"","meta":{"_et_pb_use_builder":"","_et_pb_old_content":"","_et_gb_content_width":""},"product_brand":[],"product_cat":[95],"product_tag":[],"class_list":{"0":"post-4439","1":"product","2":"type-product","3":"status-publish","4":"has-post-thumbnail","6":"product_cat-holographic-self-adhesive-labels","8":"first","9":"instock","10":"taxable","11":"shipping-taxable","12":"purchasable","13":"product-type-simple"},"yoast_head":"<!-- This site is optimized with the Yoast SEO plugin v27.4 - https:\/\/yoast.com\/product\/yoast-seo-wordpress\/ -->\n<title>Holographic Quick Customization Labels - CI Hologramas | Hologramas de Seguridad y Soluciones \u00d3pticas Avanzadas Holographic Quick Customization Labels \u2013 Hologramas de Seguridad y Soluciones \u00d3pticas | CI Hologramas | Hologramas de Seguridad y Soluciones \u00d3pticas Avanzadas<\/title>\n<meta name=\"description\" content=\"Descubre Holographic Quick Customization Labels de CI Hologramas | Hologramas de Seguridad y Soluciones \u00d3pticas Avanzadas, dise\u00f1ado para proteger tu marca con tecnolog\u00eda \u00f3ptica avanzada, autenticaci\u00f3n visual y prevenci\u00f3n de falsificaci\u00f3n.\" \/>\n<meta name=\"robots\" content=\"index, follow, max-snippet:-1, max-image-preview:large, max-video-preview:-1\" \/>\n<link rel=\"canonical\" href=\"https:\/\/www.cihologramas.com\/en\/producto\/holographic-quick-customization-labels\/\" \/>\n<meta property=\"og:locale\" content=\"en_US\" \/>\n<meta property=\"og:type\" content=\"article\" \/>\n<meta property=\"og:title\" content=\"Holographic Quick Customization Labels - CI Hologramas | Hologramas de Seguridad y Soluciones \u00d3pticas Avanzadas Holographic Quick Customization Labels \u2013 Hologramas de Seguridad y Soluciones \u00d3pticas | CI Hologramas | Hologramas de Seguridad y Soluciones \u00d3pticas Avanzadas\" \/>\n<meta property=\"og:description\" content=\"Descubre Holographic Quick Customization Labels de CI Hologramas | Hologramas de Seguridad y Soluciones \u00d3pticas Avanzadas, dise\u00f1ado para proteger tu marca con tecnolog\u00eda \u00f3ptica avanzada, autenticaci\u00f3n visual y prevenci\u00f3n de falsificaci\u00f3n.\" \/>\n<meta property=\"og:url\" content=\"https:\/\/www.cihologramas.com\/en\/producto\/holographic-quick-customization-labels\/\" \/>\n<meta property=\"og:site_name\" content=\"CI Hologramas | Hologramas de Seguridad y Soluciones \u00d3pticas Avanzadas\" \/>\n<meta property=\"article:publisher\" content=\"https:\/\/www.facebook.com\/Cihologramas\" \/>\n<meta property=\"article:modified_time\" content=\"2024-08-16T21:49:04+00:00\" \/>\n<meta property=\"og:image\" content=\"https:\/\/www.cihologramas.com\/wp-content\/uploads\/2024\/07\/IN_03-e1723843286183.png\" \/>\n\t<meta property=\"og:image:width\" content=\"512\" \/>\n\t<meta property=\"og:image:height\" content=\"511\" \/>\n\t<meta property=\"og:image:type\" content=\"image\/png\" \/>\n<meta name=\"twitter:card\" content=\"summary_large_image\" \/>\n<meta name=\"twitter:site\" content=\"@cihologramas\" \/>\n<meta name=\"twitter:label1\" content=\"Est. reading time\" \/>\n\t<meta name=\"twitter:data1\" content=\"1 minute\" \/>\n<script type=\"application\/ld+json\" class=\"yoast-schema-graph\">{\"@context\":\"https:\\\/\\\/schema.org\",\"@graph\":[{\"@type\":\"WebPage\",\"@id\":\"https:\\\/\\\/www.cihologramas.com\\\/en\\\/producto\\\/holographic-quick-customization-labels\\\/\",\"url\":\"https:\\\/\\\/www.cihologramas.com\\\/en\\\/producto\\\/holographic-quick-customization-labels\\\/\",\"name\":\"Holographic Quick Customization Labels - CI Hologramas | Hologramas de Seguridad y Soluciones \u00d3pticas Avanzadas Holographic Quick Customization Labels \u2013 Hologramas de Seguridad y Soluciones \u00d3pticas | CI Hologramas | Hologramas de Seguridad y Soluciones \u00d3pticas Avanzadas\",\"isPartOf\":{\"@id\":\"https:\\\/\\\/www.cihologramas.com\\\/en\\\/#website\"},\"primaryImageOfPage\":{\"@id\":\"https:\\\/\\\/www.cihologramas.com\\\/en\\\/producto\\\/holographic-quick-customization-labels\\\/#primaryimage\"},\"image\":{\"@id\":\"https:\\\/\\\/www.cihologramas.com\\\/en\\\/producto\\\/holographic-quick-customization-labels\\\/#primaryimage\"},\"thumbnailUrl\":\"https:\\\/\\\/www.cihologramas.com\\\/wp-content\\\/uploads\\\/2024\\\/07\\\/IN_03-e1723843286183.png\",\"datePublished\":\"2024-07-27T22:30:22+00:00\",\"dateModified\":\"2024-08-16T21:49:04+00:00\",\"description\":\"Descubre Holographic Quick Customization Labels de CI Hologramas | Hologramas de Seguridad y Soluciones \u00d3pticas Avanzadas, dise\u00f1ado para proteger tu marca con tecnolog\u00eda \u00f3ptica avanzada, autenticaci\u00f3n visual y prevenci\u00f3n de falsificaci\u00f3n.\",\"breadcrumb\":{\"@id\":\"https:\\\/\\\/www.cihologramas.com\\\/en\\\/producto\\\/holographic-quick-customization-labels\\\/#breadcrumb\"},\"inLanguage\":\"en-US\",\"potentialAction\":[{\"@type\":\"ReadAction\",\"target\":[\"https:\\\/\\\/www.cihologramas.com\\\/en\\\/producto\\\/holographic-quick-customization-labels\\\/\"]}]},{\"@type\":\"ImageObject\",\"inLanguage\":\"en-US\",\"@id\":\"https:\\\/\\\/www.cihologramas.com\\\/en\\\/producto\\\/holographic-quick-customization-labels\\\/#primaryimage\",\"url\":\"https:\\\/\\\/www.cihologramas.com\\\/wp-content\\\/uploads\\\/2024\\\/07\\\/IN_03-e1723843286183.png\",\"contentUrl\":\"https:\\\/\\\/www.cihologramas.com\\\/wp-content\\\/uploads\\\/2024\\\/07\\\/IN_03-e1723843286183.png\",\"width\":512,\"height\":511},{\"@type\":\"BreadcrumbList\",\"@id\":\"https:\\\/\\\/www.cihologramas.com\\\/en\\\/producto\\\/holographic-quick-customization-labels\\\/#breadcrumb\",\"itemListElement\":[{\"@type\":\"ListItem\",\"position\":1,\"name\":\"Portada\",\"item\":\"https:\\\/\\\/www.cihologramas.com\\\/en\\\/\"},{\"@type\":\"ListItem\",\"position\":2,\"name\":\"Products and Services\",\"item\":\"https:\\\/\\\/www.cihologramas.com\\\/en\\\/products-and-services\\\/\"},{\"@type\":\"ListItem\",\"position\":3,\"name\":\"Holographic Quick Customization Labels\"}]},{\"@type\":\"WebSite\",\"@id\":\"https:\\\/\\\/www.cihologramas.com\\\/en\\\/#website\",\"url\":\"https:\\\/\\\/www.cihologramas.com\\\/en\\\/\",\"name\":\"CI Hologramas | Hologramas de Seguridad y Soluciones \u00d3pticas Avanzadas\",\"description\":\"Fabricaci\u00f3n de hologramas de seguridad, etiquetas hologr\u00e1ficas y tecnolog\u00eda \u00f3ptica aplicada para autenticaci\u00f3n y protecci\u00f3n de productos.\",\"publisher\":{\"@id\":\"https:\\\/\\\/www.cihologramas.com\\\/en\\\/#organization\"},\"alternateName\":\"CI Hologramas\",\"potentialAction\":[{\"@type\":\"SearchAction\",\"target\":{\"@type\":\"EntryPoint\",\"urlTemplate\":\"https:\\\/\\\/www.cihologramas.com\\\/en\\\/?s={search_term_string}\"},\"query-input\":{\"@type\":\"PropertyValueSpecification\",\"valueRequired\":true,\"valueName\":\"search_term_string\"}}],\"inLanguage\":\"en-US\"},{\"@type\":\"Organization\",\"@id\":\"https:\\\/\\\/www.cihologramas.com\\\/en\\\/#organization\",\"name\":\"CI Hologramas | Hologramas de Seguridad y Soluciones \u00d3pticas Avanzadas\",\"alternateName\":\"CI Hologramas\",\"url\":\"https:\\\/\\\/www.cihologramas.com\\\/en\\\/\",\"logo\":{\"@type\":\"ImageObject\",\"inLanguage\":\"en-US\",\"@id\":\"https:\\\/\\\/www.cihologramas.com\\\/en\\\/#\\\/schema\\\/logo\\\/image\\\/\",\"url\":\"https:\\\/\\\/www.cihologramas.com\\\/wp-content\\\/uploads\\\/2025\\\/11\\\/ci-hologramas-logoV1.svg\",\"contentUrl\":\"https:\\\/\\\/www.cihologramas.com\\\/wp-content\\\/uploads\\\/2025\\\/11\\\/ci-hologramas-logoV1.svg\",\"width\":512,\"height\":512,\"caption\":\"CI Hologramas | Hologramas de Seguridad y Soluciones \u00d3pticas Avanzadas\"},\"image\":{\"@id\":\"https:\\\/\\\/www.cihologramas.com\\\/en\\\/#\\\/schema\\\/logo\\\/image\\\/\"},\"sameAs\":[\"https:\\\/\\\/www.facebook.com\\\/Cihologramas\",\"https:\\\/\\\/x.com\\\/cihologramas\",\"https:\\\/\\\/www.instagram.com\\\/cihologramas\\\/\",\"https:\\\/\\\/www.youtube.com\\\/@cihologramas_holo\"]}]}<\/script>\n<!-- \/ Yoast SEO plugin. -->","yoast_head_json":{"title":"Holographic Quick Customization Labels - CI Hologramas | Hologramas de Seguridad y Soluciones \u00d3pticas Avanzadas Holographic Quick Customization Labels \u2013 Hologramas de Seguridad y Soluciones \u00d3pticas | CI Hologramas | Hologramas de Seguridad y Soluciones \u00d3pticas Avanzadas","description":"Descubre Holographic Quick Customization Labels de CI Hologramas | Hologramas de Seguridad y Soluciones \u00d3pticas Avanzadas, dise\u00f1ado para proteger tu marca con tecnolog\u00eda \u00f3ptica avanzada, autenticaci\u00f3n visual y prevenci\u00f3n de falsificaci\u00f3n.","robots":{"index":"index","follow":"follow","max-snippet":"max-snippet:-1","max-image-preview":"max-image-preview:large","max-video-preview":"max-video-preview:-1"},"canonical":"https:\/\/www.cihologramas.com\/en\/producto\/holographic-quick-customization-labels\/","og_locale":"en_US","og_type":"article","og_title":"Holographic Quick Customization Labels - CI Hologramas | Hologramas de Seguridad y Soluciones \u00d3pticas Avanzadas Holographic Quick Customization Labels \u2013 Hologramas de Seguridad y Soluciones \u00d3pticas | CI Hologramas | Hologramas de Seguridad y Soluciones \u00d3pticas Avanzadas","og_description":"Descubre Holographic Quick Customization Labels de CI Hologramas | Hologramas de Seguridad y Soluciones \u00d3pticas Avanzadas, dise\u00f1ado para proteger tu marca con tecnolog\u00eda \u00f3ptica avanzada, autenticaci\u00f3n visual y prevenci\u00f3n de falsificaci\u00f3n.","og_url":"https:\/\/www.cihologramas.com\/en\/producto\/holographic-quick-customization-labels\/","og_site_name":"CI Hologramas | Hologramas de Seguridad y Soluciones \u00d3pticas Avanzadas","article_publisher":"https:\/\/www.facebook.com\/Cihologramas","article_modified_time":"2024-08-16T21:49:04+00:00","og_image":[{"width":512,"height":511,"url":"https:\/\/www.cihologramas.com\/wp-content\/uploads\/2024\/07\/IN_03-e1723843286183.png","type":"image\/png"}],"twitter_card":"summary_large_image","twitter_site":"@cihologramas","twitter_misc":{"Est. reading time":"1 minute"},"schema":{"@context":"https:\/\/schema.org","@graph":[{"@type":"WebPage","@id":"https:\/\/www.cihologramas.com\/en\/producto\/holographic-quick-customization-labels\/","url":"https:\/\/www.cihologramas.com\/en\/producto\/holographic-quick-customization-labels\/","name":"Holographic Quick Customization Labels - CI Hologramas | Hologramas de Seguridad y Soluciones \u00d3pticas Avanzadas Holographic Quick Customization Labels \u2013 Hologramas de Seguridad y Soluciones \u00d3pticas | CI Hologramas | Hologramas de Seguridad y Soluciones \u00d3pticas Avanzadas","isPartOf":{"@id":"https:\/\/www.cihologramas.com\/en\/#website"},"primaryImageOfPage":{"@id":"https:\/\/www.cihologramas.com\/en\/producto\/holographic-quick-customization-labels\/#primaryimage"},"image":{"@id":"https:\/\/www.cihologramas.com\/en\/producto\/holographic-quick-customization-labels\/#primaryimage"},"thumbnailUrl":"https:\/\/www.cihologramas.com\/wp-content\/uploads\/2024\/07\/IN_03-e1723843286183.png","datePublished":"2024-07-27T22:30:22+00:00","dateModified":"2024-08-16T21:49:04+00:00","description":"Descubre Holographic Quick Customization Labels de CI Hologramas | Hologramas de Seguridad y Soluciones \u00d3pticas Avanzadas, dise\u00f1ado para proteger tu marca con tecnolog\u00eda \u00f3ptica avanzada, autenticaci\u00f3n visual y prevenci\u00f3n de falsificaci\u00f3n.","breadcrumb":{"@id":"https:\/\/www.cihologramas.com\/en\/producto\/holographic-quick-customization-labels\/#breadcrumb"},"inLanguage":"en-US","potentialAction":[{"@type":"ReadAction","target":["https:\/\/www.cihologramas.com\/en\/producto\/holographic-quick-customization-labels\/"]}]},{"@type":"ImageObject","inLanguage":"en-US","@id":"https:\/\/www.cihologramas.com\/en\/producto\/holographic-quick-customization-labels\/#primaryimage","url":"https:\/\/www.cihologramas.com\/wp-content\/uploads\/2024\/07\/IN_03-e1723843286183.png","contentUrl":"https:\/\/www.cihologramas.com\/wp-content\/uploads\/2024\/07\/IN_03-e1723843286183.png","width":512,"height":511},{"@type":"BreadcrumbList","@id":"https:\/\/www.cihologramas.com\/en\/producto\/holographic-quick-customization-labels\/#breadcrumb","itemListElement":[{"@type":"ListItem","position":1,"name":"Portada","item":"https:\/\/www.cihologramas.com\/en\/"},{"@type":"ListItem","position":2,"name":"Products and Services","item":"https:\/\/www.cihologramas.com\/en\/products-and-services\/"},{"@type":"ListItem","position":3,"name":"Holographic Quick Customization Labels"}]},{"@type":"WebSite","@id":"https:\/\/www.cihologramas.com\/en\/#website","url":"https:\/\/www.cihologramas.com\/en\/","name":"CI Hologramas | Hologramas de Seguridad y Soluciones \u00d3pticas Avanzadas","description":"Fabricaci\u00f3n de hologramas de seguridad, etiquetas hologr\u00e1ficas y tecnolog\u00eda \u00f3ptica aplicada para autenticaci\u00f3n y protecci\u00f3n de productos.","publisher":{"@id":"https:\/\/www.cihologramas.com\/en\/#organization"},"alternateName":"CI Hologramas","potentialAction":[{"@type":"SearchAction","target":{"@type":"EntryPoint","urlTemplate":"https:\/\/www.cihologramas.com\/en\/?s={search_term_string}"},"query-input":{"@type":"PropertyValueSpecification","valueRequired":true,"valueName":"search_term_string"}}],"inLanguage":"en-US"},{"@type":"Organization","@id":"https:\/\/www.cihologramas.com\/en\/#organization","name":"CI Hologramas | Hologramas de Seguridad y Soluciones \u00d3pticas Avanzadas","alternateName":"CI Hologramas","url":"https:\/\/www.cihologramas.com\/en\/","logo":{"@type":"ImageObject","inLanguage":"en-US","@id":"https:\/\/www.cihologramas.com\/en\/#\/schema\/logo\/image\/","url":"https:\/\/www.cihologramas.com\/wp-content\/uploads\/2025\/11\/ci-hologramas-logoV1.svg","contentUrl":"https:\/\/www.cihologramas.com\/wp-content\/uploads\/2025\/11\/ci-hologramas-logoV1.svg","width":512,"height":512,"caption":"CI Hologramas | Hologramas de Seguridad y Soluciones \u00d3pticas Avanzadas"},"image":{"@id":"https:\/\/www.cihologramas.com\/en\/#\/schema\/logo\/image\/"},"sameAs":["https:\/\/www.facebook.com\/Cihologramas","https:\/\/x.com\/cihologramas","https:\/\/www.instagram.com\/cihologramas\/","https:\/\/www.youtube.com\/@cihologramas_holo"]}]}},"_links":{"self":[{"href":"https:\/\/www.cihologramas.com\/en\/wp-json\/wp\/v2\/product\/4439","targetHints":{"allow":["GET"]}}],"collection":[{"href":"https:\/\/www.cihologramas.com\/en\/wp-json\/wp\/v2\/product"}],"about":[{"href":"https:\/\/www.cihologramas.com\/en\/wp-json\/wp\/v2\/types\/product"}],"wp:featuredmedia":[{"embeddable":true,"href":"https:\/\/www.cihologramas.com\/en\/wp-json\/wp\/v2\/media\/2417"}],"wp:attachment":[{"href":"https:\/\/www.cihologramas.com\/en\/wp-json\/wp\/v2\/media?parent=4439"}],"wp:term":[{"taxonomy":"product_brand","embeddable":true,"href":"https:\/\/www.cihologramas.com\/en\/wp-json\/wp\/v2\/product_brand?post=4439"},{"taxonomy":"product_cat","embeddable":true,"href":"https:\/\/www.cihologramas.com\/en\/wp-json\/wp\/v2\/product_cat?post=4439"},{"taxonomy":"product_tag","embeddable":true,"href":"https:\/\/www.cihologramas.com\/en\/wp-json\/wp\/v2\/product_tag?post=4439"}],"curies":[{"name":"wp","href":"https:\/\/api.w.org\/{rel}","templated":true}]}}