{"id":4499,"date":"2024-07-22T12:35:31","date_gmt":"2024-07-22T17:35:31","guid":{"rendered":"https:\/\/cihologramas.com\/producto\/kinematic-mount-for-optics-o50-8-mm-with-thread\/"},"modified":"2024-11-04T23:35:33","modified_gmt":"2024-11-05T04:35:33","slug":"kinematic-mount-for-optics-o50-8-mm-with-thread","status":"publish","type":"product","link":"https:\/\/www.cihologramas.com\/en\/producto\/kinematic-mount-for-optics-o50-8-mm-with-thread\/","title":{"rendered":"Threaded kinematic mount for \u00d8 50.8 mm circular optics held by retaining ring"},"content":{"rendered":"<p>Our kinematic mount for 50.8 mm diameter optics is manufactured from high quality aluminum, providing a lightweight and robust solution for precise optical applications. This mount has two precision adjustment screws with M6x0.25 thread, allowing fine and precise adjustments to the orientation of the optics. It also includes a \u00d82.035-40 thread for mounting 2&#8243; optics up to 6 mm thick. The mount is ideal for optical configurations that require precise control of the angle and position of the optics, ensuring superior optical performance.<\/p>\n","protected":false},"excerpt":{"rendered":"<p>Our kinematic mount for 50.8 mm diameter optics is manufactured from high quality aluminum, providing a lightweight and robust solution for precise optical applications. This mount has two precision adjustment screws with M6x0.25 thread, allowing fine and precise adjustments to the orientation of the optics. It also includes a \u00d82.035-40 thread for mounting 2&#8243; optics [&hellip;]<\/p>\n","protected":false},"featured_media":4932,"template":"","meta":{"_et_pb_use_builder":"","_et_pb_old_content":"","_et_gb_content_width":""},"product_brand":[],"product_cat":[91],"product_tag":[],"class_list":{"0":"post-4499","1":"product","2":"type-product","3":"status-publish","4":"has-post-thumbnail","6":"product_cat-kinematic-mounts","8":"first","9":"instock","10":"taxable","11":"shipping-taxable","12":"purchasable","13":"product-type-simple"},"yoast_head":"<!-- This site is optimized with the Yoast SEO plugin v27.4 - https:\/\/yoast.com\/product\/yoast-seo-wordpress\/ -->\n<title>Threaded kinematic mount for \u00d8 50.8 mm circular optics held by retaining ring - CI Hologramas | Hologramas de Seguridad y Soluciones \u00d3pticas Avanzadas Threaded kinematic mount for \u00d8 50.8 mm circular optics held by retaining ring \u2013 Hologramas de Seguridad y Soluciones \u00d3pticas | CI Hologramas | Hologramas de Seguridad y Soluciones \u00d3pticas Avanzadas<\/title>\n<meta name=\"description\" content=\"Descubre Threaded kinematic mount for \u00d8 50.8 mm circular optics held by retaining ring de CI Hologramas | Hologramas de Seguridad y Soluciones \u00d3pticas Avanzadas, dise\u00f1ado para proteger tu marca con tecnolog\u00eda \u00f3ptica avanzada, autenticaci\u00f3n visual y prevenci\u00f3n de falsificaci\u00f3n.\" \/>\n<meta name=\"robots\" content=\"index, follow, max-snippet:-1, max-image-preview:large, max-video-preview:-1\" \/>\n<link rel=\"canonical\" href=\"https:\/\/www.cihologramas.com\/en\/producto\/kinematic-mount-for-optics-o50-8-mm-with-thread\/\" \/>\n<meta property=\"og:locale\" content=\"en_US\" \/>\n<meta property=\"og:type\" content=\"article\" \/>\n<meta property=\"og:title\" content=\"Threaded kinematic mount for \u00d8 50.8 mm circular optics held by retaining ring - CI Hologramas | Hologramas de Seguridad y Soluciones \u00d3pticas Avanzadas Threaded kinematic mount for \u00d8 50.8 mm circular optics held by retaining ring \u2013 Hologramas de Seguridad y Soluciones \u00d3pticas | CI Hologramas | Hologramas de Seguridad y Soluciones \u00d3pticas Avanzadas\" \/>\n<meta property=\"og:description\" content=\"Descubre Threaded kinematic mount for \u00d8 50.8 mm circular optics held by retaining ring de CI Hologramas | Hologramas de Seguridad y Soluciones \u00d3pticas Avanzadas, dise\u00f1ado para proteger tu marca con tecnolog\u00eda \u00f3ptica avanzada, autenticaci\u00f3n visual y prevenci\u00f3n de falsificaci\u00f3n.\" \/>\n<meta property=\"og:url\" content=\"https:\/\/www.cihologramas.com\/en\/producto\/kinematic-mount-for-optics-o50-8-mm-with-thread\/\" \/>\n<meta property=\"og:site_name\" content=\"CI Hologramas | Hologramas de Seguridad y Soluciones \u00d3pticas Avanzadas\" \/>\n<meta property=\"article:publisher\" content=\"https:\/\/www.facebook.com\/Cihologramas\" \/>\n<meta property=\"article:modified_time\" content=\"2024-11-05T04:35:33+00:00\" \/>\n<meta property=\"og:image\" content=\"https:\/\/www.cihologramas.com\/wp-content\/uploads\/2024\/08\/MC-D50.8R.png\" \/>\n\t<meta property=\"og:image:width\" content=\"737\" \/>\n\t<meta property=\"og:image:height\" content=\"737\" \/>\n\t<meta property=\"og:image:type\" content=\"image\/png\" \/>\n<meta name=\"twitter:card\" content=\"summary_large_image\" \/>\n<meta name=\"twitter:site\" content=\"@cihologramas\" \/>\n<script type=\"application\/ld+json\" class=\"yoast-schema-graph\">{\"@context\":\"https:\\\/\\\/schema.org\",\"@graph\":[{\"@type\":\"WebPage\",\"@id\":\"https:\\\/\\\/www.cihologramas.com\\\/en\\\/producto\\\/kinematic-mount-for-optics-o50-8-mm-with-thread\\\/\",\"url\":\"https:\\\/\\\/www.cihologramas.com\\\/en\\\/producto\\\/kinematic-mount-for-optics-o50-8-mm-with-thread\\\/\",\"name\":\"Threaded kinematic mount for \u00d8 50.8 mm circular optics held by retaining ring - CI Hologramas | Hologramas de Seguridad y Soluciones \u00d3pticas Avanzadas Threaded kinematic mount for \u00d8 50.8 mm circular optics held by retaining ring \u2013 Hologramas de Seguridad y Soluciones \u00d3pticas | CI Hologramas | Hologramas de Seguridad y Soluciones \u00d3pticas Avanzadas\",\"isPartOf\":{\"@id\":\"https:\\\/\\\/www.cihologramas.com\\\/en\\\/#website\"},\"primaryImageOfPage\":{\"@id\":\"https:\\\/\\\/www.cihologramas.com\\\/en\\\/producto\\\/kinematic-mount-for-optics-o50-8-mm-with-thread\\\/#primaryimage\"},\"image\":{\"@id\":\"https:\\\/\\\/www.cihologramas.com\\\/en\\\/producto\\\/kinematic-mount-for-optics-o50-8-mm-with-thread\\\/#primaryimage\"},\"thumbnailUrl\":\"https:\\\/\\\/www.cihologramas.com\\\/wp-content\\\/uploads\\\/2024\\\/08\\\/MC-D50.8R.png\",\"datePublished\":\"2024-07-22T17:35:31+00:00\",\"dateModified\":\"2024-11-05T04:35:33+00:00\",\"description\":\"Descubre Threaded kinematic mount for \u00d8 50.8 mm circular optics held by retaining ring de CI Hologramas | Hologramas de Seguridad y Soluciones \u00d3pticas Avanzadas, dise\u00f1ado para proteger tu marca con tecnolog\u00eda \u00f3ptica avanzada, autenticaci\u00f3n visual y prevenci\u00f3n de falsificaci\u00f3n.\",\"breadcrumb\":{\"@id\":\"https:\\\/\\\/www.cihologramas.com\\\/en\\\/producto\\\/kinematic-mount-for-optics-o50-8-mm-with-thread\\\/#breadcrumb\"},\"inLanguage\":\"en-US\",\"potentialAction\":[{\"@type\":\"ReadAction\",\"target\":[\"https:\\\/\\\/www.cihologramas.com\\\/en\\\/producto\\\/kinematic-mount-for-optics-o50-8-mm-with-thread\\\/\"]}]},{\"@type\":\"ImageObject\",\"inLanguage\":\"en-US\",\"@id\":\"https:\\\/\\\/www.cihologramas.com\\\/en\\\/producto\\\/kinematic-mount-for-optics-o50-8-mm-with-thread\\\/#primaryimage\",\"url\":\"https:\\\/\\\/www.cihologramas.com\\\/wp-content\\\/uploads\\\/2024\\\/08\\\/MC-D50.8R.png\",\"contentUrl\":\"https:\\\/\\\/www.cihologramas.com\\\/wp-content\\\/uploads\\\/2024\\\/08\\\/MC-D50.8R.png\",\"width\":737,\"height\":737},{\"@type\":\"BreadcrumbList\",\"@id\":\"https:\\\/\\\/www.cihologramas.com\\\/en\\\/producto\\\/kinematic-mount-for-optics-o50-8-mm-with-thread\\\/#breadcrumb\",\"itemListElement\":[{\"@type\":\"ListItem\",\"position\":1,\"name\":\"Portada\",\"item\":\"https:\\\/\\\/www.cihologramas.com\\\/en\\\/\"},{\"@type\":\"ListItem\",\"position\":2,\"name\":\"Products and Services\",\"item\":\"https:\\\/\\\/www.cihologramas.com\\\/en\\\/products-and-services\\\/\"},{\"@type\":\"ListItem\",\"position\":3,\"name\":\"Threaded kinematic mount for \u00d8 50.8 mm circular optics held by retaining ring\"}]},{\"@type\":\"WebSite\",\"@id\":\"https:\\\/\\\/www.cihologramas.com\\\/en\\\/#website\",\"url\":\"https:\\\/\\\/www.cihologramas.com\\\/en\\\/\",\"name\":\"CI Hologramas | Hologramas de Seguridad y Soluciones \u00d3pticas Avanzadas\",\"description\":\"Fabricaci\u00f3n de hologramas de seguridad, etiquetas hologr\u00e1ficas y tecnolog\u00eda \u00f3ptica aplicada para autenticaci\u00f3n y protecci\u00f3n de productos.\",\"publisher\":{\"@id\":\"https:\\\/\\\/www.cihologramas.com\\\/en\\\/#organization\"},\"alternateName\":\"CI Hologramas\",\"potentialAction\":[{\"@type\":\"SearchAction\",\"target\":{\"@type\":\"EntryPoint\",\"urlTemplate\":\"https:\\\/\\\/www.cihologramas.com\\\/en\\\/?s={search_term_string}\"},\"query-input\":{\"@type\":\"PropertyValueSpecification\",\"valueRequired\":true,\"valueName\":\"search_term_string\"}}],\"inLanguage\":\"en-US\"},{\"@type\":\"Organization\",\"@id\":\"https:\\\/\\\/www.cihologramas.com\\\/en\\\/#organization\",\"name\":\"CI Hologramas | Hologramas de Seguridad y Soluciones \u00d3pticas Avanzadas\",\"alternateName\":\"CI Hologramas\",\"url\":\"https:\\\/\\\/www.cihologramas.com\\\/en\\\/\",\"logo\":{\"@type\":\"ImageObject\",\"inLanguage\":\"en-US\",\"@id\":\"https:\\\/\\\/www.cihologramas.com\\\/en\\\/#\\\/schema\\\/logo\\\/image\\\/\",\"url\":\"https:\\\/\\\/www.cihologramas.com\\\/wp-content\\\/uploads\\\/2025\\\/11\\\/ci-hologramas-logoV1.svg\",\"contentUrl\":\"https:\\\/\\\/www.cihologramas.com\\\/wp-content\\\/uploads\\\/2025\\\/11\\\/ci-hologramas-logoV1.svg\",\"width\":512,\"height\":512,\"caption\":\"CI Hologramas | Hologramas de Seguridad y Soluciones \u00d3pticas Avanzadas\"},\"image\":{\"@id\":\"https:\\\/\\\/www.cihologramas.com\\\/en\\\/#\\\/schema\\\/logo\\\/image\\\/\"},\"sameAs\":[\"https:\\\/\\\/www.facebook.com\\\/Cihologramas\",\"https:\\\/\\\/x.com\\\/cihologramas\",\"https:\\\/\\\/www.instagram.com\\\/cihologramas\\\/\",\"https:\\\/\\\/www.youtube.com\\\/@cihologramas_holo\"]}]}<\/script>\n<!-- \/ Yoast SEO plugin. -->","yoast_head_json":{"title":"Threaded kinematic mount for \u00d8 50.8 mm circular optics held by retaining ring - CI Hologramas | Hologramas de Seguridad y Soluciones \u00d3pticas Avanzadas Threaded kinematic mount for \u00d8 50.8 mm circular optics held by retaining ring \u2013 Hologramas de Seguridad y Soluciones \u00d3pticas | CI Hologramas | Hologramas de Seguridad y Soluciones \u00d3pticas Avanzadas","description":"Descubre Threaded kinematic mount for \u00d8 50.8 mm circular optics held by retaining ring de CI Hologramas | Hologramas de Seguridad y Soluciones \u00d3pticas Avanzadas, dise\u00f1ado para proteger tu marca con tecnolog\u00eda \u00f3ptica avanzada, autenticaci\u00f3n visual y prevenci\u00f3n de falsificaci\u00f3n.","robots":{"index":"index","follow":"follow","max-snippet":"max-snippet:-1","max-image-preview":"max-image-preview:large","max-video-preview":"max-video-preview:-1"},"canonical":"https:\/\/www.cihologramas.com\/en\/producto\/kinematic-mount-for-optics-o50-8-mm-with-thread\/","og_locale":"en_US","og_type":"article","og_title":"Threaded kinematic mount for \u00d8 50.8 mm circular optics held by retaining ring - CI Hologramas | Hologramas de Seguridad y Soluciones \u00d3pticas Avanzadas Threaded kinematic mount for \u00d8 50.8 mm circular optics held by retaining ring \u2013 Hologramas de Seguridad y Soluciones \u00d3pticas | CI Hologramas | Hologramas de Seguridad y Soluciones \u00d3pticas Avanzadas","og_description":"Descubre Threaded kinematic mount for \u00d8 50.8 mm circular optics held by retaining ring de CI Hologramas | Hologramas de Seguridad y Soluciones \u00d3pticas Avanzadas, dise\u00f1ado para proteger tu marca con tecnolog\u00eda \u00f3ptica avanzada, autenticaci\u00f3n visual y prevenci\u00f3n de falsificaci\u00f3n.","og_url":"https:\/\/www.cihologramas.com\/en\/producto\/kinematic-mount-for-optics-o50-8-mm-with-thread\/","og_site_name":"CI Hologramas | Hologramas de Seguridad y Soluciones \u00d3pticas Avanzadas","article_publisher":"https:\/\/www.facebook.com\/Cihologramas","article_modified_time":"2024-11-05T04:35:33+00:00","og_image":[{"width":737,"height":737,"url":"https:\/\/www.cihologramas.com\/wp-content\/uploads\/2024\/08\/MC-D50.8R.png","type":"image\/png"}],"twitter_card":"summary_large_image","twitter_site":"@cihologramas","schema":{"@context":"https:\/\/schema.org","@graph":[{"@type":"WebPage","@id":"https:\/\/www.cihologramas.com\/en\/producto\/kinematic-mount-for-optics-o50-8-mm-with-thread\/","url":"https:\/\/www.cihologramas.com\/en\/producto\/kinematic-mount-for-optics-o50-8-mm-with-thread\/","name":"Threaded kinematic mount for \u00d8 50.8 mm circular optics held by retaining ring - CI Hologramas | Hologramas de Seguridad y Soluciones \u00d3pticas Avanzadas Threaded kinematic mount for \u00d8 50.8 mm circular optics held by retaining ring \u2013 Hologramas de Seguridad y Soluciones \u00d3pticas | CI Hologramas | Hologramas de Seguridad y Soluciones \u00d3pticas Avanzadas","isPartOf":{"@id":"https:\/\/www.cihologramas.com\/en\/#website"},"primaryImageOfPage":{"@id":"https:\/\/www.cihologramas.com\/en\/producto\/kinematic-mount-for-optics-o50-8-mm-with-thread\/#primaryimage"},"image":{"@id":"https:\/\/www.cihologramas.com\/en\/producto\/kinematic-mount-for-optics-o50-8-mm-with-thread\/#primaryimage"},"thumbnailUrl":"https:\/\/www.cihologramas.com\/wp-content\/uploads\/2024\/08\/MC-D50.8R.png","datePublished":"2024-07-22T17:35:31+00:00","dateModified":"2024-11-05T04:35:33+00:00","description":"Descubre Threaded kinematic mount for \u00d8 50.8 mm circular optics held by retaining ring de CI Hologramas | Hologramas de Seguridad y Soluciones \u00d3pticas Avanzadas, dise\u00f1ado para proteger tu marca con tecnolog\u00eda \u00f3ptica avanzada, autenticaci\u00f3n visual y prevenci\u00f3n de falsificaci\u00f3n.","breadcrumb":{"@id":"https:\/\/www.cihologramas.com\/en\/producto\/kinematic-mount-for-optics-o50-8-mm-with-thread\/#breadcrumb"},"inLanguage":"en-US","potentialAction":[{"@type":"ReadAction","target":["https:\/\/www.cihologramas.com\/en\/producto\/kinematic-mount-for-optics-o50-8-mm-with-thread\/"]}]},{"@type":"ImageObject","inLanguage":"en-US","@id":"https:\/\/www.cihologramas.com\/en\/producto\/kinematic-mount-for-optics-o50-8-mm-with-thread\/#primaryimage","url":"https:\/\/www.cihologramas.com\/wp-content\/uploads\/2024\/08\/MC-D50.8R.png","contentUrl":"https:\/\/www.cihologramas.com\/wp-content\/uploads\/2024\/08\/MC-D50.8R.png","width":737,"height":737},{"@type":"BreadcrumbList","@id":"https:\/\/www.cihologramas.com\/en\/producto\/kinematic-mount-for-optics-o50-8-mm-with-thread\/#breadcrumb","itemListElement":[{"@type":"ListItem","position":1,"name":"Portada","item":"https:\/\/www.cihologramas.com\/en\/"},{"@type":"ListItem","position":2,"name":"Products and Services","item":"https:\/\/www.cihologramas.com\/en\/products-and-services\/"},{"@type":"ListItem","position":3,"name":"Threaded kinematic mount for \u00d8 50.8 mm circular optics held by retaining ring"}]},{"@type":"WebSite","@id":"https:\/\/www.cihologramas.com\/en\/#website","url":"https:\/\/www.cihologramas.com\/en\/","name":"CI Hologramas | Hologramas de Seguridad y Soluciones \u00d3pticas Avanzadas","description":"Fabricaci\u00f3n de hologramas de seguridad, etiquetas hologr\u00e1ficas y tecnolog\u00eda \u00f3ptica aplicada para autenticaci\u00f3n y protecci\u00f3n de productos.","publisher":{"@id":"https:\/\/www.cihologramas.com\/en\/#organization"},"alternateName":"CI Hologramas","potentialAction":[{"@type":"SearchAction","target":{"@type":"EntryPoint","urlTemplate":"https:\/\/www.cihologramas.com\/en\/?s={search_term_string}"},"query-input":{"@type":"PropertyValueSpecification","valueRequired":true,"valueName":"search_term_string"}}],"inLanguage":"en-US"},{"@type":"Organization","@id":"https:\/\/www.cihologramas.com\/en\/#organization","name":"CI Hologramas | Hologramas de Seguridad y Soluciones \u00d3pticas Avanzadas","alternateName":"CI Hologramas","url":"https:\/\/www.cihologramas.com\/en\/","logo":{"@type":"ImageObject","inLanguage":"en-US","@id":"https:\/\/www.cihologramas.com\/en\/#\/schema\/logo\/image\/","url":"https:\/\/www.cihologramas.com\/wp-content\/uploads\/2025\/11\/ci-hologramas-logoV1.svg","contentUrl":"https:\/\/www.cihologramas.com\/wp-content\/uploads\/2025\/11\/ci-hologramas-logoV1.svg","width":512,"height":512,"caption":"CI Hologramas | Hologramas de Seguridad y Soluciones \u00d3pticas Avanzadas"},"image":{"@id":"https:\/\/www.cihologramas.com\/en\/#\/schema\/logo\/image\/"},"sameAs":["https:\/\/www.facebook.com\/Cihologramas","https:\/\/x.com\/cihologramas","https:\/\/www.instagram.com\/cihologramas\/","https:\/\/www.youtube.com\/@cihologramas_holo"]}]}},"_links":{"self":[{"href":"https:\/\/www.cihologramas.com\/en\/wp-json\/wp\/v2\/product\/4499","targetHints":{"allow":["GET"]}}],"collection":[{"href":"https:\/\/www.cihologramas.com\/en\/wp-json\/wp\/v2\/product"}],"about":[{"href":"https:\/\/www.cihologramas.com\/en\/wp-json\/wp\/v2\/types\/product"}],"wp:featuredmedia":[{"embeddable":true,"href":"https:\/\/www.cihologramas.com\/en\/wp-json\/wp\/v2\/media\/4932"}],"wp:attachment":[{"href":"https:\/\/www.cihologramas.com\/en\/wp-json\/wp\/v2\/media?parent=4499"}],"wp:term":[{"taxonomy":"product_brand","embeddable":true,"href":"https:\/\/www.cihologramas.com\/en\/wp-json\/wp\/v2\/product_brand?post=4499"},{"taxonomy":"product_cat","embeddable":true,"href":"https:\/\/www.cihologramas.com\/en\/wp-json\/wp\/v2\/product_cat?post=4499"},{"taxonomy":"product_tag","embeddable":true,"href":"https:\/\/www.cihologramas.com\/en\/wp-json\/wp\/v2\/product_tag?post=4499"}],"curies":[{"name":"wp","href":"https:\/\/api.w.org\/{rel}","templated":true}]}}