{"id":5393,"date":"2024-10-11T09:27:38","date_gmt":"2024-10-11T14:27:38","guid":{"rendered":"https:\/\/www.cihologramas.com\/?post_type=product&#038;p=5393"},"modified":"2024-10-11T13:03:58","modified_gmt":"2024-10-11T18:03:58","slug":"anchoring-fork-for-base-o47-mm-copia","status":"publish","type":"product","link":"https:\/\/www.cihologramas.com\/en\/producto\/anchoring-fork-for-base-o47-mm-copia\/","title":{"rendered":"Medium Length Anchoring Fork for Base \u00d847 mm"},"content":{"rendered":"<p>This base allows the anchoring of 38.1 mm columns<a href=\"https:\/\/cihologramas.com\/producto\/base-o-47-para-poste-o-38-1-mm\/\">(using \u00d8 47 Base for \u00d8 38.1 mm Post<\/a>) to the optical bench using an anchoring fork. Made of stainless steel, it provides a secure and durable fixing, ideal for optical applications requiring high stability and corrosion resistance. Its robust design ensures reliable performance in laboratory and industrial environments.<\/p>\n","protected":false},"excerpt":{"rendered":"<p>This base allows the anchoring of 38.1 mm columns(using \u00d8 47 Base for \u00d8 38.1 mm Post) to the optical bench using an anchoring fork. Made of stainless steel, it provides a secure and durable fixing, ideal for optical applications requiring high stability and corrosion resistance. Its robust design ensures reliable performance in laboratory and [&hellip;]<\/p>\n","protected":false},"featured_media":5294,"template":"","meta":{"_et_pb_use_builder":"","_et_pb_old_content":"","_et_gb_content_width":""},"product_brand":[],"product_cat":[93],"product_tag":[],"class_list":{"0":"post-5393","1":"product","2":"type-product","3":"status-publish","4":"has-post-thumbnail","6":"product_cat-posts-and-systems-for-38-1-mm-posts","8":"first","9":"instock","10":"taxable","11":"shipping-taxable","12":"purchasable","13":"product-type-simple"},"yoast_head":"<!-- This site is optimized with the Yoast SEO plugin v27.4 - https:\/\/yoast.com\/product\/yoast-seo-wordpress\/ -->\n<title>Medium Length Anchoring Fork for Base \u00d847 mm - CI Hologramas | Hologramas de Seguridad y Soluciones \u00d3pticas Avanzadas Medium Length Anchoring Fork for Base \u00d847 mm \u2013 Hologramas de Seguridad y Soluciones \u00d3pticas | CI Hologramas | Hologramas de Seguridad y Soluciones \u00d3pticas Avanzadas<\/title>\n<meta name=\"description\" content=\"Descubre Medium Length Anchoring Fork for Base \u00d847 mm de CI Hologramas | Hologramas de Seguridad y Soluciones \u00d3pticas Avanzadas, dise\u00f1ado para proteger tu marca con tecnolog\u00eda \u00f3ptica avanzada, autenticaci\u00f3n visual y prevenci\u00f3n de falsificaci\u00f3n.\" \/>\n<meta name=\"robots\" content=\"index, follow, max-snippet:-1, max-image-preview:large, max-video-preview:-1\" \/>\n<link rel=\"canonical\" href=\"https:\/\/www.cihologramas.com\/en\/producto\/anchoring-fork-for-base-o47-mm-copia\/\" \/>\n<meta property=\"og:locale\" content=\"en_US\" \/>\n<meta property=\"og:type\" content=\"article\" \/>\n<meta property=\"og:title\" content=\"Medium Length Anchoring Fork for Base \u00d847 mm - CI Hologramas | Hologramas de Seguridad y Soluciones \u00d3pticas Avanzadas Medium Length Anchoring Fork for Base \u00d847 mm \u2013 Hologramas de Seguridad y Soluciones \u00d3pticas | CI Hologramas | Hologramas de Seguridad y Soluciones \u00d3pticas Avanzadas\" \/>\n<meta property=\"og:description\" content=\"Descubre Medium Length Anchoring Fork for Base \u00d847 mm de CI Hologramas | Hologramas de Seguridad y Soluciones \u00d3pticas Avanzadas, dise\u00f1ado para proteger tu marca con tecnolog\u00eda \u00f3ptica avanzada, autenticaci\u00f3n visual y prevenci\u00f3n de falsificaci\u00f3n.\" \/>\n<meta property=\"og:url\" content=\"https:\/\/www.cihologramas.com\/en\/producto\/anchoring-fork-for-base-o47-mm-copia\/\" \/>\n<meta property=\"og:site_name\" content=\"CI Hologramas | Hologramas de Seguridad y Soluciones \u00d3pticas Avanzadas\" \/>\n<meta property=\"article:publisher\" content=\"https:\/\/www.facebook.com\/Cihologramas\" \/>\n<meta property=\"article:modified_time\" content=\"2024-10-11T18:03:58+00:00\" \/>\n<meta property=\"og:image\" content=\"https:\/\/www.cihologramas.com\/wp-content\/uploads\/2024\/10\/TA-D47-M.png\" \/>\n\t<meta property=\"og:image:width\" content=\"737\" \/>\n\t<meta property=\"og:image:height\" content=\"737\" \/>\n\t<meta property=\"og:image:type\" content=\"image\/png\" \/>\n<meta name=\"twitter:card\" content=\"summary_large_image\" \/>\n<meta name=\"twitter:site\" content=\"@cihologramas\" \/>\n<script type=\"application\/ld+json\" class=\"yoast-schema-graph\">{\"@context\":\"https:\\\/\\\/schema.org\",\"@graph\":[{\"@type\":\"WebPage\",\"@id\":\"https:\\\/\\\/www.cihologramas.com\\\/en\\\/producto\\\/anchoring-fork-for-base-o47-mm-copia\\\/\",\"url\":\"https:\\\/\\\/www.cihologramas.com\\\/en\\\/producto\\\/anchoring-fork-for-base-o47-mm-copia\\\/\",\"name\":\"Medium Length Anchoring Fork for Base \u00d847 mm - CI Hologramas | Hologramas de Seguridad y Soluciones \u00d3pticas Avanzadas Medium Length Anchoring Fork for Base \u00d847 mm \u2013 Hologramas de Seguridad y Soluciones \u00d3pticas | CI Hologramas | Hologramas de Seguridad y Soluciones \u00d3pticas Avanzadas\",\"isPartOf\":{\"@id\":\"https:\\\/\\\/www.cihologramas.com\\\/en\\\/#website\"},\"primaryImageOfPage\":{\"@id\":\"https:\\\/\\\/www.cihologramas.com\\\/en\\\/producto\\\/anchoring-fork-for-base-o47-mm-copia\\\/#primaryimage\"},\"image\":{\"@id\":\"https:\\\/\\\/www.cihologramas.com\\\/en\\\/producto\\\/anchoring-fork-for-base-o47-mm-copia\\\/#primaryimage\"},\"thumbnailUrl\":\"https:\\\/\\\/www.cihologramas.com\\\/wp-content\\\/uploads\\\/2024\\\/10\\\/TA-D47-M.png\",\"datePublished\":\"2024-10-11T14:27:38+00:00\",\"dateModified\":\"2024-10-11T18:03:58+00:00\",\"description\":\"Descubre Medium Length Anchoring Fork for Base \u00d847 mm de CI Hologramas | Hologramas de Seguridad y Soluciones \u00d3pticas Avanzadas, dise\u00f1ado para proteger tu marca con tecnolog\u00eda \u00f3ptica avanzada, autenticaci\u00f3n visual y prevenci\u00f3n de falsificaci\u00f3n.\",\"breadcrumb\":{\"@id\":\"https:\\\/\\\/www.cihologramas.com\\\/en\\\/producto\\\/anchoring-fork-for-base-o47-mm-copia\\\/#breadcrumb\"},\"inLanguage\":\"en-US\",\"potentialAction\":[{\"@type\":\"ReadAction\",\"target\":[\"https:\\\/\\\/www.cihologramas.com\\\/en\\\/producto\\\/anchoring-fork-for-base-o47-mm-copia\\\/\"]}]},{\"@type\":\"ImageObject\",\"inLanguage\":\"en-US\",\"@id\":\"https:\\\/\\\/www.cihologramas.com\\\/en\\\/producto\\\/anchoring-fork-for-base-o47-mm-copia\\\/#primaryimage\",\"url\":\"https:\\\/\\\/www.cihologramas.com\\\/wp-content\\\/uploads\\\/2024\\\/10\\\/TA-D47-M.png\",\"contentUrl\":\"https:\\\/\\\/www.cihologramas.com\\\/wp-content\\\/uploads\\\/2024\\\/10\\\/TA-D47-M.png\",\"width\":737,\"height\":737},{\"@type\":\"BreadcrumbList\",\"@id\":\"https:\\\/\\\/www.cihologramas.com\\\/en\\\/producto\\\/anchoring-fork-for-base-o47-mm-copia\\\/#breadcrumb\",\"itemListElement\":[{\"@type\":\"ListItem\",\"position\":1,\"name\":\"Portada\",\"item\":\"https:\\\/\\\/www.cihologramas.com\\\/en\\\/\"},{\"@type\":\"ListItem\",\"position\":2,\"name\":\"Products and Services\",\"item\":\"https:\\\/\\\/www.cihologramas.com\\\/en\\\/products-and-services\\\/\"},{\"@type\":\"ListItem\",\"position\":3,\"name\":\"Medium Length Anchoring Fork for Base \u00d847 mm\"}]},{\"@type\":\"WebSite\",\"@id\":\"https:\\\/\\\/www.cihologramas.com\\\/en\\\/#website\",\"url\":\"https:\\\/\\\/www.cihologramas.com\\\/en\\\/\",\"name\":\"CI Hologramas | Hologramas de Seguridad y Soluciones \u00d3pticas Avanzadas\",\"description\":\"Fabricaci\u00f3n de hologramas de seguridad, etiquetas hologr\u00e1ficas y tecnolog\u00eda \u00f3ptica aplicada para autenticaci\u00f3n y protecci\u00f3n de productos.\",\"publisher\":{\"@id\":\"https:\\\/\\\/www.cihologramas.com\\\/en\\\/#organization\"},\"alternateName\":\"CI Hologramas\",\"potentialAction\":[{\"@type\":\"SearchAction\",\"target\":{\"@type\":\"EntryPoint\",\"urlTemplate\":\"https:\\\/\\\/www.cihologramas.com\\\/en\\\/?s={search_term_string}\"},\"query-input\":{\"@type\":\"PropertyValueSpecification\",\"valueRequired\":true,\"valueName\":\"search_term_string\"}}],\"inLanguage\":\"en-US\"},{\"@type\":\"Organization\",\"@id\":\"https:\\\/\\\/www.cihologramas.com\\\/en\\\/#organization\",\"name\":\"CI Hologramas | Hologramas de Seguridad y Soluciones \u00d3pticas Avanzadas\",\"alternateName\":\"CI Hologramas\",\"url\":\"https:\\\/\\\/www.cihologramas.com\\\/en\\\/\",\"logo\":{\"@type\":\"ImageObject\",\"inLanguage\":\"en-US\",\"@id\":\"https:\\\/\\\/www.cihologramas.com\\\/en\\\/#\\\/schema\\\/logo\\\/image\\\/\",\"url\":\"https:\\\/\\\/www.cihologramas.com\\\/wp-content\\\/uploads\\\/2025\\\/11\\\/ci-hologramas-logoV1.svg\",\"contentUrl\":\"https:\\\/\\\/www.cihologramas.com\\\/wp-content\\\/uploads\\\/2025\\\/11\\\/ci-hologramas-logoV1.svg\",\"width\":512,\"height\":512,\"caption\":\"CI Hologramas | Hologramas de Seguridad y Soluciones \u00d3pticas Avanzadas\"},\"image\":{\"@id\":\"https:\\\/\\\/www.cihologramas.com\\\/en\\\/#\\\/schema\\\/logo\\\/image\\\/\"},\"sameAs\":[\"https:\\\/\\\/www.facebook.com\\\/Cihologramas\",\"https:\\\/\\\/x.com\\\/cihologramas\",\"https:\\\/\\\/www.instagram.com\\\/cihologramas\\\/\",\"https:\\\/\\\/www.youtube.com\\\/@cihologramas_holo\"]}]}<\/script>\n<!-- \/ Yoast SEO plugin. -->","yoast_head_json":{"title":"Medium Length Anchoring Fork for Base \u00d847 mm - CI Hologramas | Hologramas de Seguridad y Soluciones \u00d3pticas Avanzadas Medium Length Anchoring Fork for Base \u00d847 mm \u2013 Hologramas de Seguridad y Soluciones \u00d3pticas | CI Hologramas | Hologramas de Seguridad y Soluciones \u00d3pticas Avanzadas","description":"Descubre Medium Length Anchoring Fork for Base \u00d847 mm de CI Hologramas | Hologramas de Seguridad y Soluciones \u00d3pticas Avanzadas, dise\u00f1ado para proteger tu marca con tecnolog\u00eda \u00f3ptica avanzada, autenticaci\u00f3n visual y prevenci\u00f3n de falsificaci\u00f3n.","robots":{"index":"index","follow":"follow","max-snippet":"max-snippet:-1","max-image-preview":"max-image-preview:large","max-video-preview":"max-video-preview:-1"},"canonical":"https:\/\/www.cihologramas.com\/en\/producto\/anchoring-fork-for-base-o47-mm-copia\/","og_locale":"en_US","og_type":"article","og_title":"Medium Length Anchoring Fork for Base \u00d847 mm - CI Hologramas | Hologramas de Seguridad y Soluciones \u00d3pticas Avanzadas Medium Length Anchoring Fork for Base \u00d847 mm \u2013 Hologramas de Seguridad y Soluciones \u00d3pticas | CI Hologramas | Hologramas de Seguridad y Soluciones \u00d3pticas Avanzadas","og_description":"Descubre Medium Length Anchoring Fork for Base \u00d847 mm de CI Hologramas | Hologramas de Seguridad y Soluciones \u00d3pticas Avanzadas, dise\u00f1ado para proteger tu marca con tecnolog\u00eda \u00f3ptica avanzada, autenticaci\u00f3n visual y prevenci\u00f3n de falsificaci\u00f3n.","og_url":"https:\/\/www.cihologramas.com\/en\/producto\/anchoring-fork-for-base-o47-mm-copia\/","og_site_name":"CI Hologramas | Hologramas de Seguridad y Soluciones \u00d3pticas Avanzadas","article_publisher":"https:\/\/www.facebook.com\/Cihologramas","article_modified_time":"2024-10-11T18:03:58+00:00","og_image":[{"width":737,"height":737,"url":"https:\/\/www.cihologramas.com\/wp-content\/uploads\/2024\/10\/TA-D47-M.png","type":"image\/png"}],"twitter_card":"summary_large_image","twitter_site":"@cihologramas","schema":{"@context":"https:\/\/schema.org","@graph":[{"@type":"WebPage","@id":"https:\/\/www.cihologramas.com\/en\/producto\/anchoring-fork-for-base-o47-mm-copia\/","url":"https:\/\/www.cihologramas.com\/en\/producto\/anchoring-fork-for-base-o47-mm-copia\/","name":"Medium Length Anchoring Fork for Base \u00d847 mm - CI Hologramas | Hologramas de Seguridad y Soluciones \u00d3pticas Avanzadas Medium Length Anchoring Fork for Base \u00d847 mm \u2013 Hologramas de Seguridad y Soluciones \u00d3pticas | CI Hologramas | Hologramas de Seguridad y Soluciones \u00d3pticas Avanzadas","isPartOf":{"@id":"https:\/\/www.cihologramas.com\/en\/#website"},"primaryImageOfPage":{"@id":"https:\/\/www.cihologramas.com\/en\/producto\/anchoring-fork-for-base-o47-mm-copia\/#primaryimage"},"image":{"@id":"https:\/\/www.cihologramas.com\/en\/producto\/anchoring-fork-for-base-o47-mm-copia\/#primaryimage"},"thumbnailUrl":"https:\/\/www.cihologramas.com\/wp-content\/uploads\/2024\/10\/TA-D47-M.png","datePublished":"2024-10-11T14:27:38+00:00","dateModified":"2024-10-11T18:03:58+00:00","description":"Descubre Medium Length Anchoring Fork for Base \u00d847 mm de CI Hologramas | Hologramas de Seguridad y Soluciones \u00d3pticas Avanzadas, dise\u00f1ado para proteger tu marca con tecnolog\u00eda \u00f3ptica avanzada, autenticaci\u00f3n visual y prevenci\u00f3n de falsificaci\u00f3n.","breadcrumb":{"@id":"https:\/\/www.cihologramas.com\/en\/producto\/anchoring-fork-for-base-o47-mm-copia\/#breadcrumb"},"inLanguage":"en-US","potentialAction":[{"@type":"ReadAction","target":["https:\/\/www.cihologramas.com\/en\/producto\/anchoring-fork-for-base-o47-mm-copia\/"]}]},{"@type":"ImageObject","inLanguage":"en-US","@id":"https:\/\/www.cihologramas.com\/en\/producto\/anchoring-fork-for-base-o47-mm-copia\/#primaryimage","url":"https:\/\/www.cihologramas.com\/wp-content\/uploads\/2024\/10\/TA-D47-M.png","contentUrl":"https:\/\/www.cihologramas.com\/wp-content\/uploads\/2024\/10\/TA-D47-M.png","width":737,"height":737},{"@type":"BreadcrumbList","@id":"https:\/\/www.cihologramas.com\/en\/producto\/anchoring-fork-for-base-o47-mm-copia\/#breadcrumb","itemListElement":[{"@type":"ListItem","position":1,"name":"Portada","item":"https:\/\/www.cihologramas.com\/en\/"},{"@type":"ListItem","position":2,"name":"Products and Services","item":"https:\/\/www.cihologramas.com\/en\/products-and-services\/"},{"@type":"ListItem","position":3,"name":"Medium Length Anchoring Fork for Base \u00d847 mm"}]},{"@type":"WebSite","@id":"https:\/\/www.cihologramas.com\/en\/#website","url":"https:\/\/www.cihologramas.com\/en\/","name":"CI Hologramas | Hologramas de Seguridad y Soluciones \u00d3pticas Avanzadas","description":"Fabricaci\u00f3n de hologramas de seguridad, etiquetas hologr\u00e1ficas y tecnolog\u00eda \u00f3ptica aplicada para autenticaci\u00f3n y protecci\u00f3n de productos.","publisher":{"@id":"https:\/\/www.cihologramas.com\/en\/#organization"},"alternateName":"CI Hologramas","potentialAction":[{"@type":"SearchAction","target":{"@type":"EntryPoint","urlTemplate":"https:\/\/www.cihologramas.com\/en\/?s={search_term_string}"},"query-input":{"@type":"PropertyValueSpecification","valueRequired":true,"valueName":"search_term_string"}}],"inLanguage":"en-US"},{"@type":"Organization","@id":"https:\/\/www.cihologramas.com\/en\/#organization","name":"CI Hologramas | Hologramas de Seguridad y Soluciones \u00d3pticas Avanzadas","alternateName":"CI Hologramas","url":"https:\/\/www.cihologramas.com\/en\/","logo":{"@type":"ImageObject","inLanguage":"en-US","@id":"https:\/\/www.cihologramas.com\/en\/#\/schema\/logo\/image\/","url":"https:\/\/www.cihologramas.com\/wp-content\/uploads\/2025\/11\/ci-hologramas-logoV1.svg","contentUrl":"https:\/\/www.cihologramas.com\/wp-content\/uploads\/2025\/11\/ci-hologramas-logoV1.svg","width":512,"height":512,"caption":"CI Hologramas | Hologramas de Seguridad y Soluciones \u00d3pticas Avanzadas"},"image":{"@id":"https:\/\/www.cihologramas.com\/en\/#\/schema\/logo\/image\/"},"sameAs":["https:\/\/www.facebook.com\/Cihologramas","https:\/\/x.com\/cihologramas","https:\/\/www.instagram.com\/cihologramas\/","https:\/\/www.youtube.com\/@cihologramas_holo"]}]}},"_links":{"self":[{"href":"https:\/\/www.cihologramas.com\/en\/wp-json\/wp\/v2\/product\/5393","targetHints":{"allow":["GET"]}}],"collection":[{"href":"https:\/\/www.cihologramas.com\/en\/wp-json\/wp\/v2\/product"}],"about":[{"href":"https:\/\/www.cihologramas.com\/en\/wp-json\/wp\/v2\/types\/product"}],"wp:featuredmedia":[{"embeddable":true,"href":"https:\/\/www.cihologramas.com\/en\/wp-json\/wp\/v2\/media\/5294"}],"wp:attachment":[{"href":"https:\/\/www.cihologramas.com\/en\/wp-json\/wp\/v2\/media?parent=5393"}],"wp:term":[{"taxonomy":"product_brand","embeddable":true,"href":"https:\/\/www.cihologramas.com\/en\/wp-json\/wp\/v2\/product_brand?post=5393"},{"taxonomy":"product_cat","embeddable":true,"href":"https:\/\/www.cihologramas.com\/en\/wp-json\/wp\/v2\/product_cat?post=5393"},{"taxonomy":"product_tag","embeddable":true,"href":"https:\/\/www.cihologramas.com\/en\/wp-json\/wp\/v2\/product_tag?post=5393"}],"curies":[{"name":"wp","href":"https:\/\/api.w.org\/{rel}","templated":true}]}}